{"id":1765,"date":"2026-04-20T07:55:53","date_gmt":"2026-04-20T07:55:53","guid":{"rendered":"https:\/\/legionari.eu\/?page_id=1765"},"modified":"2026-04-27T08:58:35","modified_gmt":"2026-04-27T08:58:35","slug":"rimsti-vojaci-nebojovali-neustale-jako-ve-filmech","status":"publish","type":"page","link":"https:\/\/legionari.eu\/en\/rimsti-vojaci-nebojovali-neustale-jako-ve-filmech\/","title":{"rendered":"\u0158\u00edm\u0161t\u00ed voj\u00e1ci nebojovali neust\u00e1le jako ve filmech"},"content":{"rendered":"<div data-elementor-type=\"wp-page\" data-elementor-id=\"1765\" class=\"elementor elementor-1765\">\n\t\t\t\t<div class=\"elementor-element elementor-element-c94cd4c e-con-full e-flex wpr-particle-no wpr-jarallax-no wpr-parallax-no wpr-sticky-section-no e-con e-parent\" data-id=\"c94cd4c\" data-element_type=\"container\">\n\t\t\t\t<div class=\"elementor-element elementor-element-610b3d3 elementor-widget elementor-widget-slider_revolution\" data-id=\"610b3d3\" data-element_type=\"widget\" data-widget_type=\"slider_revolution.default\">\n\t\t\t\t<div class=\"elementor-widget-container\">\n\t\t\t\t\t\r\n\t\t<div class=\"wp-block-themepunch-revslider\">\n\t\t\t<!-- START Clanok Rim mimo mytu 01 REVOLUTION SLIDER 6.6.12 --><p class=\"rs-p-wp-fix\"><\/p>\n\t\t\t<rs-module-wrap id=\"rev_slider_8_1_wrapper\" data-source=\"gallery\" style=\"visibility:hidden;background:transparent;padding:0;margin:0px auto;margin-top:0;margin-bottom:0;\">\n\t\t\t\t<rs-module id=\"rev_slider_8_1\" style=\"\" data-version=\"6.6.12\">\n\t\t\t\t\t<rs-slides style=\"overflow: hidden; position: absolute;\">\n\t\t\t\t\t\t<rs-slide style=\"position: absolute;\" data-key=\"rs-9\" data-title=\"Slide\" data-anim=\"ms:4780;\" data-in=\"o:0;\" data-out=\"a:false;\">\n\t\t\t\t\t\t\t<img fetchpriority=\"high\" decoding=\"async\" src=\"\/\/legionari.eu\/wp-content\/plugins\/revslider\/public\/assets\/assets\/dummy.png\" alt=\"LEG_X_GEMINA-Augusta_Raurica_practice_fight\" title=\"LEG_X_GEMINA-Augusta_Raurica_practice_fight\" width=\"2048\" height=\"1365\" class=\"rev-slidebg tp-rs-img rs-lazyload\" data-lazyload=\"\/\/legionari.eu\/wp-content\/uploads\/2026\/04\/LEG_X_GEMINA-Augusta_Raurica_practice_fight.jpg\" data-panzoom=\"d:10000;ss:100;se:130%;\" data-no-retina>\n<!--\n\t\t\t\t\t\t\t--><rs-layer\n\t\t\t\t\t\t\t\tid=\"slider-8-slide-9-layer-0\" \n\t\t\t\t\t\t\t\tdata-type=\"text\"\n\t\t\t\t\t\t\t\tdata-rsp_ch=\"on\"\n\t\t\t\t\t\t\t\tdata-xy=\"x:c;yo:363px,299px,299px,299px;\"\n\t\t\t\t\t\t\t\tdata-text=\"w:normal;s:110,90,90,90;l:90,74,74,74;a:center;\"\n\t\t\t\t\t\t\t\tdata-frame_999=\"o:0;st:w;\"\n\t\t\t\t\t\t\t\tstyle=\"z-index:8;font-family:'herculaneum';\"\n\t\t\t\t\t\t\t>\u0158\u00edm mimo m\u00fdty \n\t\t\t\t\t\t\t<\/rs-layer><!--\n\n\t\t\t\t\t\t\t--><rs-layer\n\t\t\t\t\t\t\t\tid=\"slider-8-slide-9-layer-1\" \n\t\t\t\t\t\t\t\tdata-type=\"text\"\n\t\t\t\t\t\t\t\tdata-rsp_ch=\"on\"\n\t\t\t\t\t\t\t\tdata-xy=\"x:c;yo:577px,476px,476px,476px;\"\n\t\t\t\t\t\t\t\tdata-text=\"w:normal;s:38,31,31,31;l:90,74,74,74;a:center;\"\n\t\t\t\t\t\t\t\tdata-dim=\"w:1222px,1009px,1009px,1009px;\"\n\t\t\t\t\t\t\t\tdata-frame_999=\"o:0;st:w;\"\n\t\t\t\t\t\t\t\tstyle=\"z-index:7;font-family:'herculaneum';\"\n\t\t\t\t\t\t\t>\u0158\u00edm\u0161t\u00ed voj\u00e1ci nebojovali neust\u00e1le jako ve filmech \n\t\t\t\t\t\t\t<\/rs-layer><!--\n\n\t\t\t\t\t\t\t--><rs-layer\n\t\t\t\t\t\t\t\tid=\"slider-8-slide-9-layer-2\" \n\t\t\t\t\t\t\t\tdata-type=\"shape\"\n\t\t\t\t\t\t\t\tdata-rsp_ch=\"on\"\n\t\t\t\t\t\t\t\tdata-xy=\"x:c;y:m;\"\n\t\t\t\t\t\t\t\tdata-text=\"w:normal;s:20,16,16,16;l:0,20,20,20;\"\n\t\t\t\t\t\t\t\tdata-dim=\"w:2000px,1651px,1651px,1651px;h:1200px,990px,990px,990px;\"\n\t\t\t\t\t\t\t\tdata-frame_999=\"o:0;st:w;\"\n\t\t\t\t\t\t\t\tstyle=\"z-index:6;background-color:rgba(0,0,0,0.49);\"\n\t\t\t\t\t\t\t> \n\t\t\t\t\t\t\t<\/rs-layer><!--\n\n\t\t\t\t\t\t\t--><rs-layer\n\t\t\t\t\t\t\t\tid=\"slider-8-slide-9-layer-3\" \n\t\t\t\t\t\t\t\tdata-type=\"text\"\n\t\t\t\t\t\t\t\tdata-rsp_ch=\"on\"\n\t\t\t\t\t\t\t\tdata-xy=\"x:c;yo:476px,393px,393px,393px;\"\n\t\t\t\t\t\t\t\tdata-text=\"w:normal;s:60,49,49,49;l:48,39,39,39;a:center;\"\n\t\t\t\t\t\t\t\tdata-dim=\"w:353px,291px,291px,291px;\"\n\t\t\t\t\t\t\t\tdata-frame_999=\"o:0;st:w;\"\n\t\t\t\t\t\t\t\tstyle=\"z-index:8;font-family:'herculaneum';\"\n\t\t\t\t\t\t\t>d\u00edl I. \n\t\t\t\t\t\t\t<\/rs-layer><!--\n-->\t\t\t\t\t\t<\/rs-slide>\n\t\t\t\t\t<\/rs-slides>\n\t\t\t\t<\/rs-module>\n\t\t\t\t<script>\n\t\t\t\t\tsetREVStartSize({c: 'rev_slider_8_1',rl:[1240,1024,1024,1024],el:[900,768,768,768],gw:[1240,1024,1024,1024],gh:[900,768,768,768],type:'standard',justify:'',layout:'fullwidth',mh:\"0\"});if (window.RS_MODULES!==undefined && window.RS_MODULES.modules!==undefined && window.RS_MODULES.modules[\"revslider81\"]!==undefined) {window.RS_MODULES.modules[\"revslider81\"].once = false;window.revapi8 = undefined;if (window.RS_MODULES.checkMinimal!==undefined) window.RS_MODULES.checkMinimal()}\n\t\t\t\t<\/script>\n\t\t\t<\/rs-module-wrap>\n\t\t\t<!-- END REVOLUTION SLIDER -->\n<\/div>\r\n\r\n\t\t\t\t\t\t<\/div>\n\t\t\t\t<\/div>\n\t\t\t\t<\/div>\n\t\t<div class=\"elementor-element elementor-element-868c42e e-con-full e-flex wpr-particle-no wpr-jarallax-no wpr-parallax-no wpr-sticky-section-no e-con e-parent\" data-id=\"868c42e\" data-element_type=\"container\" data-settings=\"{&quot;background_background&quot;:&quot;classic&quot;}\">\n\t\t\t\t<div class=\"elementor-element elementor-element-a3d3d97 elementor-widget elementor-widget-spacer\" data-id=\"a3d3d97\" data-element_type=\"widget\" data-widget_type=\"spacer.default\">\n\t\t\t\t<div class=\"elementor-widget-container\">\n\t\t\t\t\t\t\t<div class=\"elementor-spacer\">\n\t\t\t<div class=\"elementor-spacer-inner\"><\/div>\n\t\t<\/div>\n\t\t\t\t\t\t<\/div>\n\t\t\t\t<\/div>\n\t\t\t\t<div class=\"elementor-element elementor-element-f366ee0 elementor-widget elementor-widget-spacer\" data-id=\"f366ee0\" data-element_type=\"widget\" data-widget_type=\"spacer.default\">\n\t\t\t\t<div class=\"elementor-widget-container\">\n\t\t\t\t\t\t\t<div class=\"elementor-spacer\">\n\t\t\t<div class=\"elementor-spacer-inner\"><\/div>\n\t\t<\/div>\n\t\t\t\t\t\t<\/div>\n\t\t\t\t<\/div>\n\t\t\t\t<div class=\"elementor-element elementor-element-8a36b88 elementor-widget elementor-widget-text-editor\" data-id=\"8a36b88\" data-element_type=\"widget\" data-widget_type=\"text-editor.default\">\n\t\t\t\t<div class=\"elementor-widget-container\">\n\t\t\t\t\t\t\t\t\t<div style=\"margin: 0 0 28px 0; padding-bottom: 18px; border-bottom: 2px solid #d6cbb5;\">\n<div style=\"font-size: 0.82em; letter-spacing: 1.6px; text-transform: uppercase; color: #7a5c3e; font-weight: bold; margin-bottom: 8px;\">\u0158\u00edm mimo m\u00fdty<\/div>\n<h1 style=\"margin: 0 0 10px 0; font-size: 2.2em; line-height: 1.15; color: #1f1a17;\">\u0158\u00edm\u0161t\u00ed voj\u00e1ci nebojovali neust\u00e1le jako ve filmech<\/h1>\n<p style=\"margin: 0; font-size: 1.02em; line-height: 1.7; color: #5b5148; font-style: italic;\">\u0158\u00edmsk\u00e1 arm\u00e1da nebyla definov\u00e1na nep\u0159etr\u017eit\u00fdmi bitvami, ale p\u0159edev\u0161\u00edm stavbou, logistikou, spr\u00e1vou a dlouhodobou slu\u017ebou nap\u0159\u00ed\u010d \u0159\u00ed\u0161\u00ed.<\/p>\n\n<\/div>\n<!-- INTRO -->\n\nKdy\u017e si dnes lid\u00e9 p\u0159edstav\u00ed \u0159\u00edmsk\u00e9ho voj\u00e1ka, vid\u00ed p\u0159edev\u0161\u00edm boj \u2014 sev\u0159en\u00e9 \u0161t\u00edty v \u0161iku, tasen\u00e9 me\u010de a nekone\u010dn\u00e9 ta\u017een\u00ed z jedn\u00e9 bitvy do druh\u00e9. Tento obraz je v\u0161ak formov\u00e1n m\u00e9n\u011b histori\u00ed a v\u00edce modern\u00ed kulturou. Ve filmech a hr\u00e1ch existuje legion\u00e1\u0159 t\u00e9m\u011b\u0159 v\u00fdhradn\u011b v okam\u017eic\u00edch n\u00e1sil\u00ed a hrdinstv\u00ed, zat\u00edmco b\u011b\u017en\u00e1 realita jeho slu\u017eby z\u016fst\u00e1v\u00e1 v pozad\u00ed.\n\n\u0158\u00edm byl bezpochyby vojenskou velmoc\u00ed, ale ani na vrcholu sv\u00e9 moci nebyla v\u00e1lka nep\u0159etr\u017eit\u00e1. Ta\u017een\u00ed byla ovlivn\u011bna ro\u010dn\u00edmi obdob\u00edmi, dostupnost\u00ed z\u00e1sob i politick\u00fdmi rozhodnut\u00edmi a \u010dasto po nich n\u00e1sledovala dlouh\u00e1 obdob\u00ed bez aktivn\u00edho boje. Voj\u00e1ci rozm\u00edst\u011bn\u00ed na hranic\u00edch \u2014 od Brit\u00e1nie po Bl\u00edzk\u00fd v\u00fdchod \u2014 tr\u00e1vili v\u011bt\u0161inu sv\u00e9 kari\u00e9ry v pevnostech a pos\u00e1dk\u00e1ch, kde jejich ka\u017edodenn\u00ed povinnosti m\u011bly s bojem jen omezenou souvislost.\n\nPo cel\u00e9 \u0159\u00ed\u0161i se dochovaly tis\u00edce n\u00e1hrobk\u016f voj\u00e1k\u016f, kte\u0159\u00ed slou\u017eili v\u00edce ne\u017e dvacet let. Tyto n\u00e1pisy zaznamen\u00e1vaj\u00ed jm\u00e9no, jednotku i d\u00e9lku slu\u017eby \u2014 \u010dasto v\u0161ak v\u016fbec nezmi\u0148uj\u00ed \u00fa\u010dast v bitv\u011b. V prost\u0159ed\u00ed, kde byla vojensk\u00e1 sl\u00e1va cen\u011bna, je takov\u00e1 absence sama o sob\u011b v\u00fdmluvn\u00fdm d\u016fkazem.\n\n<!-- MYTH \/ REALITY -->\n<div style=\"display: grid; gap: 14px; margin: 28px 0; padding: 18px; background: #f8f5ef; border-left: 4px solid #8c6b47; border-radius: 6px;\">\n<div>\n<div style=\"font-size: 0.8em; text-transform: uppercase; letter-spacing: 1px; color: #8c6b47; font-weight: bold;\">M\u00fdtus<\/div>\n<div>\u0158\u00edm\u0161t\u00ed voj\u00e1ci tr\u00e1vili v\u011bt\u0161inu sv\u00e9 slu\u017eby v neust\u00e1l\u00fdch bitv\u00e1ch.<\/div>\n<\/div>\n<div>\n<div style=\"font-size: 0.8em; text-transform: uppercase; letter-spacing: 1px; color: #8c6b47; font-weight: bold;\">Realita<\/div>\n<div>V\u011bt\u0161ina jejich slu\u017eby byla tvo\u0159ena stavbou, logistikou, spr\u00e1vou a dlouhodobou slu\u017ebou na hranic\u00edch \u0159\u00ed\u0161e.<\/div>\n<\/div>\n<\/div>\n<!-- BODY TEXT -->\n\nArcheologie nab\u00edz\u00ed jedny z nejp\u0159esv\u011bd\u010div\u011bj\u0161\u00edch d\u016fkaz\u016f o tom, co voj\u00e1ci skute\u010dn\u011b d\u011blali. Nap\u0159\u00ed\u010d Evropou, severn\u00ed Afrikou i Bl\u00edzk\u00fdm v\u00fdchodem dodnes nach\u00e1z\u00edme poz\u016fstatky \u0159\u00edmsk\u00e9 infrastruktury \u2014 silnice, pevnosti i hrani\u010dn\u00ed syst\u00e9my. Tyto stavby nevznikly prost\u0159ednictv\u00edm civiln\u00edch dodavatel\u016f, ale byly budov\u00e1ny samotnou arm\u00e1dou.\n\nN\u00e1pisy zanechan\u00e9 jednotkami, jako byla <strong>Legio X Gemina<\/strong>, zaznamen\u00e1vaj\u00ed opravy silnic, v\u00fdstavbu ve\u0159ejn\u00fdch budov i \u00fadr\u017ebu infrastruktury v provinci\u00edch. Tyto z\u00e1znamy ukazuj\u00ed arm\u00e1du jako aktivn\u00edho \u010dinitele, kter\u00fd formoval prost\u0159ed\u00ed, ve kter\u00e9m p\u016fsobil. \u0158\u00edmsk\u00fd voj\u00e1k tak nebyl pouze bojovn\u00edkem, ale tak\u00e9 n\u00e1strojem organizace a transformace krajiny.\n\n<!-- IMAGE -->\n<figure style=\"margin: 32px 0; padding: 14px; background: #f8f5ef; border: 1px solid #d6cbb5; border-radius: 6px;\"><img decoding=\"async\" style=\"width: 100%; border-radius: 4px;\" src=\"https:\/\/legionari.eu\/wp-content\/uploads\/2026\/04\/Vindolanda_tablets_Leg_X_Article_Rome-beyond-myths.jpeg\" alt=\"Vindolandsk\u00e1 tabulka\" \/><figcaption style=\"margin-top: 12px;\"><strong>Obr\u00e1zek 1.<\/strong> Vindolandsk\u00e1 d\u0159ev\u011bn\u00e1 tabulka zachycuj\u00edc\u00ed korespondenci a vojensk\u00e9 z\u00e1znamy z \u0159\u00edmsk\u00e9 Brit\u00e1nie.\n<div style=\"font-size: 0.9em; color: #6a6157;\">Zdroj: British Museum<\/div>\n<\/figcaption><\/figure>\nV pevnosti Vindolanda v \u0159\u00edmsk\u00e9 Brit\u00e1nii byly objeveny d\u0159ev\u011bn\u00e9 tabulky, kter\u00e9 nab\u00edzej\u00ed mimo\u0159\u00e1dn\u011b cenn\u00fd vhled do ka\u017edodenn\u00edho \u017eivota arm\u00e1dy. Neobsahuj\u00ed dramatick\u00e9 popisy bitev, ale sp\u00ed\u0161e \u017e\u00e1dosti o z\u00e1soby, rozpisy slu\u017eeb \u010di korespondenci mezi d\u016fstojn\u00edky. Jedna z nich nap\u0159\u00edklad zaznamen\u00e1v\u00e1 \u017e\u00e1dost o oble\u010den\u00ed \u2014 drobn\u00fd, ale v\u00fdmluvn\u00fd detail, kter\u00fd ukazuje, jak z\u00e1sadn\u00ed roli hr\u00e1la logistika a z\u00e1sobov\u00e1n\u00ed. Tyto dokumenty odhaluj\u00ed arm\u00e1du zam\u011b\u0159enou sp\u00ed\u0161e na organizaci ne\u017e na nep\u0159etr\u017eit\u00fd boj. Archeologick\u00e9 n\u00e1lezy, nap\u0159\u00edklad stavebn\u00ed materi\u00e1ly ozna\u010den\u00e9 raz\u00edtky legi\u00ed, poskytuj\u00ed p\u0159\u00edm\u00fd d\u016fkaz t\u00e9to \u010dinnosti a ukazuj\u00ed, \u017ee zna\u010dnou \u010d\u00e1st pr\u00e1ce vykon\u00e1vali pr\u00e1v\u011b voj\u00e1ci.\n\n\u0158\u00edmsk\u00e1 arm\u00e1da fungovala tak\u00e9 jako obrovsk\u00e1 pracovn\u00ed s\u00edla. Voj\u00e1ci t\u011b\u017eili k\u00e1men, vyr\u00e1b\u011bli stavebn\u00ed materi\u00e1ly a budovali infrastrukturu, kter\u00e1 formovala \u0159\u00ed\u0161i po stalet\u00ed. Jejich role sahala daleko za hranice samotn\u00e9ho boje.\n\n<!-- EVIDENCE -->\n<div style=\"margin: 30px 0; padding: 18px 20px; background: #fcfbf8; border: 1px solid #d6cbb5; border-radius: 6px;\">\n<div style=\"font-size: 0.8em; text-transform: uppercase; letter-spacing: 1px; color: #7a5c3e; font-weight: bold; margin-bottom: 8px;\">D\u016fkaz<\/div>\n<p style=\"margin: 0;\">Vojensk\u00e9 diplomy dokl\u00e1daj\u00ed, \u017ee voj\u00e1ci slou\u017eili a\u017e 25 let a pot\u00e9 byli \u010destn\u011b propu\u0161t\u011bni. Spolu s administrativn\u00edmi z\u00e1znamy z pevnost\u00ed to ukazuje, \u017ee dlouhodob\u00e1 slu\u017eba \u2014 nikoli neust\u00e1l\u00fd boj \u2014 byla skute\u010dn\u00fdm z\u00e1kladem vojensk\u00e9ho \u017eivota.<\/p>\n\n<\/div>\nPopul\u00e1rn\u00ed p\u0159edstava \u010dasto nazna\u010duje, \u017ee \u0159\u00edmsk\u00e9 bitvy kon\u010dily pravideln\u011b masov\u00fdm krveprolit\u00edm. Historick\u00e9 prameny v\u0161ak ukazuj\u00ed vyv\u00e1\u017een\u011bj\u0161\u00ed obraz. Katastrofick\u00e9 por\u00e1\u017eky existovaly, ale byly v\u00fdjime\u010dn\u00e9 \u2014 pr\u00e1v\u011b proto si je antick\u00e9 texty tak dob\u0159e pamatuj\u00ed. Pokud by v\u011bt\u0161ina bitev kon\u010dila zni\u010den\u00edm arm\u00e1dy, nebylo by na nich nic v\u00fdjime\u010dn\u00e9ho. Skute\u010dnost, \u017ee se tyto p\u0159\u00edpady opakovan\u011b zd\u016fraz\u0148uj\u00ed, nazna\u010duje, \u017ee p\u0159edstavovaly sp\u00ed\u0161e v\u00fdjimku ne\u017e pravidlo. Nejv\u011bt\u0161\u00ed ztr\u00e1ty nav\u00edc nenast\u00e1valy b\u011bhem samotn\u00e9 bitvy, ale a\u017e po rozpadu linie a n\u00e1sledn\u00e9m pron\u00e1sledov\u00e1n\u00ed. V mnoha p\u0159\u00edpadech byly ztr\u00e1ty omezen\u00e9 a dlouhodob\u00e1 slu\u017eba byla b\u011b\u017en\u00e1. Bitvy jsou dramatick\u00e9 a zapamatovateln\u00e9, zat\u00edmco ka\u017edodenn\u00ed pr\u00e1ce nikoli. Anti\u010dt\u00ed auto\u0159i, jako Tacitus, se zam\u011b\u0159ovali na konflikty, proto\u017ee byly zaj\u00edmav\u00e9. Modern\u00ed m\u00e9dia tento obraz je\u0161t\u011b pos\u00edlila.\n\n<!-- IMAGE -->\n<figure style=\"margin: 32px 0; padding: 14px; background: #f8f5ef; border: 1px solid #d6cbb5; border-radius: 6px;\"><img decoding=\"async\" style=\"width: 100%; border-radius: 4px;\" src=\"https:\/\/legionari.eu\/wp-content\/uploads\/2026\/04\/Hadrians_wall_LEG-X-GEM_article_about_rome_beyond_myths-scaled.jpeg\" alt=\"Hadri\u00e1n\u016fv val\" \/><figcaption style=\"margin-top: 12px;\"><strong>Obr\u00e1zek 2.<\/strong> Hadri\u00e1n\u016fv val \u2014 hrani\u010dn\u00ed syst\u00e9m spravovan\u00fd \u0159\u00edmsk\u00fdmi voj\u00e1ky\n<div style=\"font-size: 0.9em; color: #6a6157;\">Zdroj: English Heritage<\/div>\n<\/figcaption><\/figure>\nPokud tento zkreslen\u00fd obraz odlo\u017e\u00edme, objev\u00ed se jin\u00e1 podoba \u0159\u00edmsk\u00e9ho voj\u00e1ka. Nebyl pouze bojovn\u00edkem, ale sou\u010d\u00e1st\u00ed komplexn\u00edho a vysoce organizovan\u00e9ho syst\u00e9mu. Byl stavitelem silnic, kter\u00e9 p\u0159etrvaly stalet\u00ed, vykonavatelem moci \u0159\u00ed\u0161e a profesion\u00e1lem, jeho\u017e slu\u017eba vy\u017eadovala p\u0159edev\u0161\u00edm vytrvalost a discipl\u00ednu. Pro mnoho voj\u00e1k\u016f znamenala slu\u017eba p\u0159edev\u0161\u00edm hl\u00eddky, dohled a udr\u017eov\u00e1n\u00ed po\u0159\u00e1dku na hranic\u00edch. Arm\u00e1da zde fungovala jako stabiliza\u010dn\u00ed s\u00edla, nikoli jako neust\u00e1le bojuj\u00edc\u00ed jednotka.\n\n\u0158\u00edmsk\u00e1 arm\u00e1da tak nep\u016fsob\u00ed m\u00e9n\u011b impozantn\u011b \u2014 naopak. Jej\u00ed skute\u010dn\u00e1 s\u00edla nespo\u010d\u00edvala v neust\u00e1l\u00e9m boji, ale v tom, \u017ee dok\u00e1zala fungovat i bez n\u011bj: stav\u011bt, organizovat a udr\u017eovat kontrolu nad \u0159\u00ed\u0161\u00ed po generace.\n\n\n\n<!-- CONTEXTUAL BOX: EXPEDITIO CALIGAE II -->\n<div style=\"margin: 40px 0; border: 1px solid #d6cbb5; background: #f8f5ef; border-radius: 8px; overflow: hidden;\">\n  <div style=\"display: flex; flex-wrap: wrap; align-items: stretch;\">\n\n    <!-- LEFT: TEXT -->\n    <div style=\"flex: 1 1 320px; min-width: 280px; padding: 22px;\">\n      <div style=\"font-size: 0.8em; text-transform: uppercase; letter-spacing: 1px; color: #7a5c3e; font-weight: 700; margin-bottom: 10px;\">\n        Experiment\u00e1ln\u00ed perspektiva\n      <\/div>\n      <h3 style=\"margin: 0 0 12px 0; color: #1f1a17; font-size: 1.35em; line-height: 1.3;\">\n        Expeditio Caligae II\n      <\/h3>\n      <p style=\"margin: 0 0 12px 0; line-height: 1.75; color: #2b2622;\">\n        Praktickou perspektivu k t\u00e9matu \u0159\u00edmsk\u00e9 vojensk\u00e9 p\u0159\u00edtomnosti nab\u00edz\u00ed tak\u00e9 experiment <strong>Expeditio Caligae II<\/strong>. Expedice v kv\u011btnu 2025 sledovala v\u00edce ne\u017e stakilometrov\u00fd \u00fasek z prostoru dne\u0161n\u00edho Rakouska sm\u011brem na Moravu, tedy koridorem, kter\u00fdm na na\u0161e \u00fazem\u00ed pronikaly \u0159\u00edmsk\u00e9 legie. Trasa byla zvolena tak, aby kop\u00edrovala oblasti archeologick\u00fdch lokalit a v\u00fdznamn\u00fdch n\u00e1lez\u016f, v\u010detn\u011b prostoru mezi Engelhartstettenem a Charv\u00e1tskou Novou Vs\u00ed, kter\u00e9 jsou spojeny s jedn\u011bmi z nejv\u011bt\u0161\u00edch dolo\u017een\u00fdch t\u00e1bor\u016f.\n      <\/p>\n      <p style=\"margin: 0 0 12px 0; line-height: 1.75; color: #2b2622;\">\n        Smyslem expedice nebylo \u201edok\u00e1zat\u201c jedin\u00fd v\u00fdklad \u0159\u00edmsk\u00e9 p\u0159\u00edtomnosti, ale otestovat v praxi, co znamen\u00e1 pohyb vojensk\u00e9 skupiny v takov\u00e9 krajin\u011b p\u0159i pln\u00e9 z\u00e1t\u011b\u017ei, v rekonstruovan\u00e9 obuvi a s vyu\u017eit\u00edm geografick\u00e9ho modelov\u00e1n\u00ed trasy. V tomto ohledu experiment dob\u0159e ukazuje, \u017ee \u0159\u00edmsk\u00e1 aktivita za dunajskou lini\u00ed nemusela sm\u011b\u0159ovat pouze k velk\u00e9 bitv\u011b. Mohla souviset tak\u00e9 s demonstrac\u00ed s\u00edly, zabezpe\u010den\u00edm prostoru, kontrolou pohybu, logistick\u00fdm zaji\u0161t\u011bn\u00edm nebo politick\u00fdm tlakem na okoln\u00ed prost\u0159ed\u00ed.\n      <\/p>\n      <p style=\"margin: 0 0 14px 0; line-height: 1.75; color: #2b2622;\">\n        Pr\u00e1v\u011b zde experiment dopl\u0148uje hlavn\u00ed argument \u010dl\u00e1nku: \u0159\u00edmsk\u00e1 arm\u00e1da nebyla jen silou ur\u010denou k p\u0159\u00edm\u00e9mu st\u0159etu, ale tak\u00e9 n\u00e1strojem pohybu, organizace a stabilizace v krajin\u011b, kde samotn\u00e1 p\u0159\u00edtomnost mohla b\u00fdt stejn\u011b d\u016fle\u017eit\u00e1 jako boj.\n      <\/p>\n      <p style=\"margin: 0;\">\n        <a href=\"https:\/\/legionari.eu\/en\/expeditio-caligae-ii\/\" style=\"color: #7a1f1f; font-weight: 700; text-decoration: none;\">V\u00edce o experimentu Expeditio Caligae II \u2192<\/a>\n      <\/p>\n    <\/div>\n\n    <!-- RIGHT: IMAGE -->\n    <div style=\"flex: 1 1 320px; min-width: 280px; background: #efe7da; padding: 18px; display: flex; align-items: center;\">\n      <figure style=\"margin: 0; width: 100%;\">\n        <img decoding=\"async\" src=\"https:\/\/legionari.eu\/wp-content\/uploads\/2026\/04\/Expeditio-Caligae_secunda-illustration-photo.jpg\" alt=\"Expeditio Caligae II p\u0159i pochodu koridorem pod\u00e9l Moravy\" style=\"width: 100%; height: auto; border-radius: 6px; display: block;\">\n        <figcaption style=\"margin-top: 12px; line-height: 1.65; color: #2b2622; font-size: 0.96em;\">\n          <strong>Obr\u00e1zek 3.<\/strong> Expeditio Caligae II sledovala koridor mezi dne\u0161n\u00edm Rakouskem a Moravou, kter\u00fd byl zvolen s ohledem na archeologicky dolo\u017een\u00e9 lokality a pochodov\u00e9 t\u00e1bory. Experiment pom\u00e1h\u00e1 zasadit \u0159\u00edmskou p\u0159\u00edtomnost za dunajskou linii do konkr\u00e9tn\u00ed krajiny a pohybu.\n          <div style=\"margin-top: 8px; font-size: 0.9em; color: #6a6157;\">\n            Zdroj: <a href=\"https:\/\/www.instagram.com\/expedice_caligae\/\">Ofici\u00e1ln\u00ed instagram projektu Expedice Caligae<\/a>\n          <\/div>\n        <\/figcaption>\n      <\/figure>\n    <\/div>\n\n  <\/div>\n<\/div>\n\n<!-- TAKEAWAY -->\n<div style=\"margin: 34px 0; padding: 18px 20px; background: #2d241d; color: #f7f2eb; border-radius: 6px;\">\n<div style=\"font-size: 0.8em; text-transform: uppercase; letter-spacing: 1px; color: #d8c2a2; font-weight: bold; margin-bottom: 8px;\">Shrnut\u00ed<\/div>\n<p style=\"margin: 0;\">\u0158\u00edm\u0161t\u00ed voj\u00e1ci nebyli definov\u00e1ni neust\u00e1l\u00fdm bojem, ale discipl\u00ednou, prac\u00ed a dlouhodobou slu\u017ebou v r\u00e1mci \u0159\u00ed\u0161e.<\/p>\n\n<\/div>\n\n<!-- BIBLIOTHECA -->\n<div style=\"border: 1px solid #d6cbb5; background-color: #f8f5ef; padding: 20px; margin-top: 40px; border-radius: 6px;\">\n<h2 style=\"margin-top: 0;\">Bibliotheca<\/h2>\nTento \u010dl\u00e1nek vych\u00e1z\u00ed z antick\u00fdch pramen\u016f, archeologick\u00fdch n\u00e1lez\u016f a modern\u00ed historick\u00e9 literatury.\n<h3>Antick\u00e9 prameny<\/h3>\n<ul>\n \t<li>Flavius Josephus \u2014 <em>V\u00e1lka \u017eidovsk\u00e1<\/em><\/li>\n \t<li>Julius Caesar \u2014 <em>Z\u00e1pisky o v\u00e1lce galsk\u00e9<\/em><\/li>\n \t<li>Tacitus \u2014 <em>Letopisy<\/em> a <em>D\u011bjiny<\/em><\/li>\n<\/ul>\n<h3>Archeologick\u00e9 d\u016fkazy<\/h3>\n<ul>\n \t<li>Vindolandsk\u00e9 tabulky<\/li>\n \t<li>Hadri\u00e1n\u016fv val<\/li>\n \t<li>\u0158\u00edmsk\u00e9 vojensk\u00e9 diplomy<\/li>\n \t<li>Stavebn\u00ed n\u00e1pisy legi\u00ed<\/li>\n<\/ul>\n<h3>Modern\u00ed literatura<\/h3>\n<ul>\n \t<li>Adrian Goldsworthy \u2014 <em>The Complete Roman Army<\/em><\/li>\n \t<li>Jonathan P. Roth \u2014 <em>The Logistics of the Roman Army at War<\/em><\/li>\n \t<li>Sara Elise Phang \u2014 <em>Roman Military Service<\/em><\/li>\n<\/ul>\n<\/div>\t\t\t\t\t\t\t\t<\/div>\n\t\t\t\t<\/div>\n\t\t\t\t<\/div>\n\t\t\t\t<\/div>","protected":false},"excerpt":{"rendered":"<p>\u0158\u00edm mimo m\u00fdty \u0158\u00edm\u0161t\u00ed voj\u00e1ci nebojovali neust\u00e1le jako ve filmech \u0158\u00edmsk\u00e1 arm\u00e1da nebyla definov\u00e1na nep\u0159etr\u017eit\u00fdmi bitvami, ale p\u0159edev\u0161\u00edm stavbou, logistikou, spr\u00e1vou a<\/p>","protected":false},"author":1,"featured_media":2029,"parent":0,"menu_order":0,"comment_status":"closed","ping_status":"closed","template":"page-templates\/page_front-page.php","meta":{"_seopress_robots_primary_cat":"","_seopress_titles_title":"\u0158\u00edm\u0161t\u00ed voj\u00e1ci nebojovali neust\u00e1le jako ve filmech","_seopress_titles_desc":"\u0158\u00edmsk\u00e1 arm\u00e1da nebyla definov\u00e1na nep\u0159etr\u017eit\u00fdmi bitvami, ale p\u0159edev\u0161\u00edm stavbou, logistikou, spr\u00e1vou a dlouhodobou slu\u017ebou nap\u0159\u00ed\u010d \u0159\u00ed\u0161\u00ed.","_seopress_robots_index":"","_monsterinsights_skip_tracking":false,"_monsterinsights_sitenote_active":false,"_monsterinsights_sitenote_note":"","_monsterinsights_sitenote_category":0,"footnotes":""},"class_list":["post-1765","page","type-page","status-publish","has-post-thumbnail","hentry"],"_links":{"self":[{"href":"https:\/\/legionari.eu\/en\/wp-json\/wp\/v2\/pages\/1765","targetHints":{"allow":["GET"]}}],"collection":[{"href":"https:\/\/legionari.eu\/en\/wp-json\/wp\/v2\/pages"}],"about":[{"href":"https:\/\/legionari.eu\/en\/wp-json\/wp\/v2\/types\/page"}],"author":[{"embeddable":true,"href":"https:\/\/legionari.eu\/en\/wp-json\/wp\/v2\/users\/1"}],"replies":[{"embeddable":true,"href":"https:\/\/legionari.eu\/en\/wp-json\/wp\/v2\/comments?post=1765"}],"version-history":[{"count":86,"href":"https:\/\/legionari.eu\/en\/wp-json\/wp\/v2\/pages\/1765\/revisions"}],"predecessor-version":[{"id":2047,"href":"https:\/\/legionari.eu\/en\/wp-json\/wp\/v2\/pages\/1765\/revisions\/2047"}],"wp:featuredmedia":[{"embeddable":true,"href":"https:\/\/legionari.eu\/en\/wp-json\/wp\/v2\/media\/2029"}],"wp:attachment":[{"href":"https:\/\/legionari.eu\/en\/wp-json\/wp\/v2\/media?parent=1765"}],"curies":[{"name":"wp","href":"https:\/\/api.w.org\/{rel}","templated":true}]}}