{"id":1914,"date":"2026-04-24T14:10:35","date_gmt":"2026-04-24T14:10:35","guid":{"rendered":"https:\/\/legionari.eu\/?page_id=1914"},"modified":"2026-04-27T11:44:11","modified_gmt":"2026-04-27T11:44:11","slug":"rimane-nezkopirovali-recke-bohy","status":"publish","type":"page","link":"https:\/\/legionari.eu\/en\/rimane-nezkopirovali-recke-bohy\/","title":{"rendered":"\u0158\u00edman\u00e9 nezkop\u00edrovali \u0159eck\u00e9 bohy"},"content":{"rendered":"<div data-elementor-type=\"wp-page\" data-elementor-id=\"1914\" class=\"elementor elementor-1914\">\n\t\t\t\t<div class=\"elementor-element elementor-element-c94cd4c e-con-full e-flex wpr-particle-no wpr-jarallax-no wpr-parallax-no wpr-sticky-section-no e-con e-parent\" data-id=\"c94cd4c\" data-element_type=\"container\">\n\t\t\t\t<div class=\"elementor-element elementor-element-610b3d3 elementor-widget elementor-widget-slider_revolution\" data-id=\"610b3d3\" data-element_type=\"widget\" data-widget_type=\"slider_revolution.default\">\n\t\t\t\t<div class=\"elementor-widget-container\">\n\t\t\t\t\t\r\n\t\t<div class=\"wp-block-themepunch-revslider\">\n\t\t\t<!-- START Clanok Rim mimo mytu 03 REVOLUTION SLIDER 6.6.12 --><p class=\"rs-p-wp-fix\"><\/p>\n\t\t\t<rs-module-wrap id=\"rev_slider_10_1_wrapper\" data-source=\"gallery\" style=\"visibility:hidden;background:transparent;padding:0;margin:0px auto;margin-top:0;margin-bottom:0;\">\n\t\t\t\t<rs-module id=\"rev_slider_10_1\" style=\"\" data-version=\"6.6.12\">\n\t\t\t\t\t<rs-slides style=\"overflow: hidden; position: absolute;\">\n\t\t\t\t\t\t<rs-slide style=\"position: absolute;\" data-key=\"rs-11\" data-title=\"Slide\" data-anim=\"ms:4780;\" data-in=\"o:0;\" data-out=\"a:false;\">\n\t\t\t\t\t\t\t<img fetchpriority=\"high\" decoding=\"async\" src=\"\/\/legionari.eu\/wp-content\/plugins\/revslider\/public\/assets\/assets\/dummy.png\" alt=\"Leg-x-coh-viii-editorial-article-III\" title=\"Leg-x-coh-viii-editorial-article-III\" width=\"2560\" height=\"1396\" class=\"rev-slidebg tp-rs-img rs-lazyload\" data-lazyload=\"\/\/legionari.eu\/wp-content\/uploads\/2026\/04\/Leg-x-coh-viii-editorial-article-III-scaled.jpg\" data-panzoom=\"d:10000;ss:100;se:130%;\" data-no-retina>\n<!--\n\t\t\t\t\t\t\t--><rs-layer\n\t\t\t\t\t\t\t\tid=\"slider-10-slide-11-layer-0\" \n\t\t\t\t\t\t\t\tdata-type=\"text\"\n\t\t\t\t\t\t\t\tdata-rsp_ch=\"on\"\n\t\t\t\t\t\t\t\tdata-xy=\"x:c;yo:363px,299px,299px,299px;\"\n\t\t\t\t\t\t\t\tdata-text=\"w:normal;s:110,90,90,90;l:90,74,74,74;a:center;\"\n\t\t\t\t\t\t\t\tdata-frame_999=\"o:0;st:w;\"\n\t\t\t\t\t\t\t\tstyle=\"z-index:8;font-family:'herculaneum';\"\n\t\t\t\t\t\t\t>\u0158\u00edm mimo m\u00fdty \n\t\t\t\t\t\t\t<\/rs-layer><!--\n\n\t\t\t\t\t\t\t--><rs-layer\n\t\t\t\t\t\t\t\tid=\"slider-10-slide-11-layer-1\" \n\t\t\t\t\t\t\t\tdata-type=\"text\"\n\t\t\t\t\t\t\t\tdata-rsp_ch=\"on\"\n\t\t\t\t\t\t\t\tdata-xy=\"x:c;yo:577px,476px,476px,476px;\"\n\t\t\t\t\t\t\t\tdata-text=\"w:normal;s:38,31,31,31;l:90,74,74,74;a:center;\"\n\t\t\t\t\t\t\t\tdata-dim=\"w:1222px,1009px,1009px,1009px;\"\n\t\t\t\t\t\t\t\tdata-frame_999=\"o:0;st:w;\"\n\t\t\t\t\t\t\t\tstyle=\"z-index:7;font-family:'herculaneum';\"\n\t\t\t\t\t\t\t>\u0158\u00edman\u00e9 nezkop\u00edrovali \u0159eck\u00e9 bohy \n\t\t\t\t\t\t\t<\/rs-layer><!--\n\n\t\t\t\t\t\t\t--><rs-layer\n\t\t\t\t\t\t\t\tid=\"slider-10-slide-11-layer-2\" \n\t\t\t\t\t\t\t\tdata-type=\"shape\"\n\t\t\t\t\t\t\t\tdata-rsp_ch=\"on\"\n\t\t\t\t\t\t\t\tdata-xy=\"x:c;y:m;\"\n\t\t\t\t\t\t\t\tdata-text=\"w:normal;s:20,16,16,16;l:0,20,20,20;\"\n\t\t\t\t\t\t\t\tdata-dim=\"w:2000px,1651px,1651px,1651px;h:1200px,990px,990px,990px;\"\n\t\t\t\t\t\t\t\tdata-frame_999=\"o:0;st:w;\"\n\t\t\t\t\t\t\t\tstyle=\"z-index:6;background-color:rgba(0,0,0,0.49);\"\n\t\t\t\t\t\t\t> \n\t\t\t\t\t\t\t<\/rs-layer><!--\n\n\t\t\t\t\t\t\t--><rs-layer\n\t\t\t\t\t\t\t\tid=\"slider-10-slide-11-layer-3\" \n\t\t\t\t\t\t\t\tdata-type=\"text\"\n\t\t\t\t\t\t\t\tdata-rsp_ch=\"on\"\n\t\t\t\t\t\t\t\tdata-xy=\"x:c;yo:476px,393px,393px,393px;\"\n\t\t\t\t\t\t\t\tdata-text=\"w:normal;s:60,49,49,49;l:48,39,39,39;a:center;\"\n\t\t\t\t\t\t\t\tdata-dim=\"w:353px,291px,291px,291px;\"\n\t\t\t\t\t\t\t\tdata-frame_999=\"o:0;st:w;\"\n\t\t\t\t\t\t\t\tstyle=\"z-index:8;font-family:'herculaneum';\"\n\t\t\t\t\t\t\t>d\u00edl III. \n\t\t\t\t\t\t\t<\/rs-layer><!--\n-->\t\t\t\t\t\t<\/rs-slide>\n\t\t\t\t\t<\/rs-slides>\n\t\t\t\t<\/rs-module>\n\t\t\t\t<script>\n\t\t\t\t\tsetREVStartSize({c: 'rev_slider_10_1',rl:[1240,1024,1024,1024],el:[900,768,768,768],gw:[1240,1024,1024,1024],gh:[900,768,768,768],type:'standard',justify:'',layout:'fullwidth',mh:\"0\"});if (window.RS_MODULES!==undefined && window.RS_MODULES.modules!==undefined && window.RS_MODULES.modules[\"revslider101\"]!==undefined) {window.RS_MODULES.modules[\"revslider101\"].once = false;window.revapi10 = undefined;if (window.RS_MODULES.checkMinimal!==undefined) window.RS_MODULES.checkMinimal()}\n\t\t\t\t<\/script>\n\t\t\t<\/rs-module-wrap>\n\t\t\t<!-- END REVOLUTION SLIDER -->\n<\/div>\r\n\r\n\t\t\t\t\t\t<\/div>\n\t\t\t\t<\/div>\n\t\t\t\t<\/div>\n\t\t<div class=\"elementor-element elementor-element-868c42e e-con-full e-flex wpr-particle-no wpr-jarallax-no wpr-parallax-no wpr-sticky-section-no e-con e-parent\" data-id=\"868c42e\" data-element_type=\"container\" data-settings=\"{&quot;background_background&quot;:&quot;classic&quot;}\">\n\t\t\t\t<div class=\"elementor-element elementor-element-a3d3d97 elementor-widget elementor-widget-spacer\" data-id=\"a3d3d97\" data-element_type=\"widget\" data-widget_type=\"spacer.default\">\n\t\t\t\t<div class=\"elementor-widget-container\">\n\t\t\t\t\t\t\t<div class=\"elementor-spacer\">\n\t\t\t<div class=\"elementor-spacer-inner\"><\/div>\n\t\t<\/div>\n\t\t\t\t\t\t<\/div>\n\t\t\t\t<\/div>\n\t\t\t\t<div class=\"elementor-element elementor-element-f366ee0 elementor-widget elementor-widget-spacer\" data-id=\"f366ee0\" data-element_type=\"widget\" data-widget_type=\"spacer.default\">\n\t\t\t\t<div class=\"elementor-widget-container\">\n\t\t\t\t\t\t\t<div class=\"elementor-spacer\">\n\t\t\t<div class=\"elementor-spacer-inner\"><\/div>\n\t\t<\/div>\n\t\t\t\t\t\t<\/div>\n\t\t\t\t<\/div>\n\t\t\t\t<div class=\"elementor-element elementor-element-8a36b88 elementor-widget elementor-widget-text-editor\" data-id=\"8a36b88\" data-element_type=\"widget\" data-widget_type=\"text-editor.default\">\n\t\t\t\t<div class=\"elementor-widget-container\">\n\t\t\t\t\t\t\t\t\t<div style=\"margin: 0 0 28px 0; padding-bottom: 18px; border-bottom: 2px solid #d6cbb5;\">\n<div style=\"font-size: 0.82em; letter-spacing: 1.6px; text-transform: uppercase; color: #7a5c3e; font-weight: bold; margin-bottom: 8px;\">\u0158\u00edm mimo m\u00fdty<\/div>\n<h1 style=\"margin: 0 0 10px 0; font-size: 2.2em; line-height: 1.15; color: #1f1a17;\">\u0158\u00edman\u00e9 nezkop\u00edrovali \u0159eck\u00e9 bohy<\/h1>\n<p style=\"margin: 0; font-size: 1.02em; line-height: 1.7; color: #5b5148; font-style: italic;\">Podobnost jmen skr\u00fdv\u00e1 hlub\u0161\u00ed rozd\u00edly: \u0159\u00edmsk\u00e9 n\u00e1bo\u017eenstv\u00ed nebylo kopi\u00ed, ale vlastn\u00edm syst\u00e9mem vznikl\u00fdm z dlouhodob\u00e9ho prol\u00edn\u00e1n\u00ed kultur.<\/p>\n\n<\/div>\n<!-- INTRO -->\n<p>\nKdy\u017e se dnes mluv\u00ed o \u0159\u00edmsk\u00fdch boz\u00edch, \u010dasto zazn\u00edv\u00e1 jednoduch\u00e9 vysv\u011btlen\u00ed: Jupiter je Zeus, Mars je Ares, Minerva je Ath\u00e9na. Tento p\u0159ehled p\u016fsob\u00ed p\u0159ehledn\u011b \u2014 z\u00e1rove\u0148 v\u0161ak vytv\u00e1\u0159\u00ed dojem, \u017ee \u0158\u00edman\u00e9 pouze p\u0159evzali \u0159eck\u00e9 n\u00e1bo\u017eenstv\u00ed a p\u0159ejmenovali jeho bohy.\n<\/p>\n<p>\nTento obraz je tak zako\u0159en\u011bn\u00fd, \u017ee jej mnoz\u00ed pova\u017euj\u00ed za samoz\u0159ejm\u00fd. Ve skute\u010dnosti v\u0161ak zjednodu\u0161uje mnohem slo\u017eit\u011bj\u0161\u00ed historick\u00fd proces, ve kter\u00e9m se n\u00e1bo\u017eenstv\u00ed formovalo, prom\u011b\u0148ovalo a p\u0159izp\u016fsobovalo nov\u00fdm podm\u00ednk\u00e1m.\n<\/p>\n<!-- MYTH \/ REALITY -->\n<div style=\"display: grid; gap: 14px; margin: 28px 0; padding: 18px; background: #f8f5ef; border-left: 4px solid #8c6b47; border-radius: 6px;\">\n<div>\n<div style=\"font-size: 0.8em; text-transform: uppercase; letter-spacing: 1px; color: #8c6b47; font-weight: bold;\">M\u00fdtus<\/div>\n<div>\u0158\u00edman\u00e9 jednodu\u0161e p\u0159evzali \u0159eck\u00e9 bohy a dali jim jin\u00e1 jm\u00e9na.<\/div>\n<\/div>\n<div>\n<div style=\"font-size: 0.8em; text-transform: uppercase; letter-spacing: 1px; color: #8c6b47; font-weight: bold;\">Realita<\/div>\n<div>\u0158\u00edmsk\u00e9 n\u00e1bo\u017eenstv\u00ed m\u011blo vlastn\u00ed ko\u0159eny a \u0159eck\u00e9 vlivy do n\u011bj vstupovaly postupn\u011b \u2014 ne\u0161lo o p\u0159evzet\u00ed, ale o dlouhodob\u00fd proces p\u0159etv\u00e1\u0159en\u00ed.<\/div>\n<\/div>\n<\/div>\n<!-- BODY -->\n<p>\nRan\u00e9 \u0159\u00edmsk\u00e9 n\u00e1bo\u017eenstv\u00ed vych\u00e1zelo z italsk\u00fdch tradic a bylo v\u00fdrazn\u011b ovlivn\u011bno etrusk\u00fdm prost\u0159ed\u00edm, ve kter\u00e9m se \u0158\u00edm formoval. Mnoh\u00e1 bo\u017estva m\u011bla sp\u00ed\u0161e funk\u010dn\u00ed charakter \u2014 byla spojena s konkr\u00e9tn\u00edmi \u010dinnostmi, m\u00edsty nebo p\u0159echody, nikoli s rozvinut\u00fdmi mytologick\u00fdmi p\u0159\u00edb\u011bhy.\n<\/p>\n<p>\nTypick\u00fdm p\u0159\u00edkladem je <strong>Janus<\/strong>, b\u016fh za\u010d\u00e1tk\u016f a pr\u016fchod\u016f, kter\u00fd nem\u00e1 v \u0159eck\u00e9m sv\u011bt\u011b p\u0159\u00edm\u00fd prot\u011bj\u0161ek. Podobn\u011b <strong>Mars<\/strong>, \u010dasto ztoto\u017e\u0148ovan\u00fd s \u0159eck\u00fdm Areem, m\u011bl v \u0159\u00edmsk\u00e9m prost\u0159ed\u00ed odli\u0161nou povahu \u2014 nebyl pouze bohem v\u00e1lky a destrukce, ale tak\u00e9 ochr\u00e1ncem komunity, zem\u011bd\u011blstv\u00ed a \u0159\u00e1du. Tento rozd\u00edl dob\u0159e ukazuje, \u017ee i tam, kde se jm\u00e9na nebo funkce pozd\u011bji p\u0159ekr\u00fdvaly, nebyl jejich v\u00fdznam toto\u017en\u00fd.\n<\/p>\n<p>\nVedle t\u011bchto zn\u00e1m\u011bj\u0161\u00edch bo\u017estev existovala cel\u00e1 \u0159ada dal\u0161\u00edch, p\u016fvodn\u011b italsk\u00fdch kult\u016f, jako nap\u0159\u00edklad <strong>Mater Matuta<\/strong>, spojovan\u00e1 s \u00fasvitem a ochranou rodiny, nebo <strong>Fortuna<\/strong>, jej\u00ed\u017e kult m\u011bl v ran\u00e9m \u0158\u00edm\u011b v\u00fdznamn\u00e9 postaven\u00ed. Tyto bo\u017estva ukazuj\u00ed, \u017ee \u0159\u00edmsk\u00e9 n\u00e1bo\u017eenstv\u00ed vyr\u016fstalo z m\u00edstn\u00edho prost\u0159ed\u00ed a nebylo od po\u010d\u00e1tku odvozeno od \u0159eck\u00e9ho sv\u011bta.\n<\/p>\n<p>\nArcheologick\u00e9 n\u00e1lezy z oblasti Sant\u2019Omobono v \u0158\u00edm\u011b, kde se nach\u00e1zely ran\u00e9 chr\u00e1my zasv\u011bcen\u00e9 pr\u00e1v\u011b Mater Matuta a Fortun\u011b, pat\u0159\u00ed k nejstar\u0161\u00edm doklad\u016fm t\u00e9to n\u00e1bo\u017eensk\u00e9 tradice. Ukazuj\u00ed n\u00e1bo\u017eenstv\u00ed pevn\u011b spojen\u00e9 s m\u011bstsk\u00fdm prostorem, komunitou a ritu\u00e1ln\u00ed prax\u00ed, nikoli s p\u0159evzatou mytologi\u00ed.\n<\/p>\n<!-- IMAGE: LARARIUM -->\n<figure style=\"margin: 32px 0; padding: 14px; background: #f8f5ef; border: 1px solid #d6cbb5; border-radius: 6px;\"><img decoding=\"async\" style=\"width: 100%; border-radius: 4px;\" src=\"https:\/\/legionari.eu\/wp-content\/uploads\/2026\/04\/Temple_of_Mater_Matuta_ruins_-_Palazzo_dei_Conservatori_-_Musei_Capitolini_-_Rome_2016.jpg\" alt=\"Lararium Pompeje\" \/><figcaption style=\"margin-top: 12px;\"><strong>Obr\u00e1zek 2.<\/strong> Poz\u016fstatky architektonick\u00e9 v\u00fdzdoby chr\u00e1mu bohyn\u011b Mater Matuta z oblasti Sant\u2019Omobono (6. stolet\u00ed p\u0159. n. l.). Toto ran\u00e9 \u0159\u00edmsk\u00e9 bo\u017estvo bez p\u0159\u00edm\u00e9ho \u0159eck\u00e9ho prot\u011bj\u0161ku dokl\u00e1d\u00e1, \u017ee \u0159\u00edmsk\u00e9 n\u00e1bo\u017eenstv\u00ed m\u011blo vlastn\u00ed, italsk\u00e9 ko\u0159eny.\n<div style=\"font-size: 0.9em; color: #6a6157;\">Zdroj: Musei Capitolini \/ Wikimedia Commons<\/div>\n<\/figcaption><\/figure>\nPodobnosti mezi \u0159\u00edmsk\u00fdmi a \u0159eck\u00fdmi bohy neza\u010daly prost\u00fdm \u201ep\u0159evzet\u00edm\u201c, ale postupn\u011b se formovaly v d\u016fsledku kontaktu s \u0159eck\u00fdm sv\u011btem, zejm\u00e9na v ji\u017en\u00ed It\u00e1lii. Oblast Magna Graecia, s m\u011bsty jako Neapolis nebo Tarentum, byla po stalet\u00ed centrem \u0159eck\u00e9 kultury, kter\u00e1 m\u011bla pro \u0158\u00edmany zna\u010dnou presti\u017e.\n<p>\nS rostouc\u00edm vlivem \u0158\u00edma za\u010dal tento kontakt nab\u00fdvat nov\u00e9ho v\u00fdznamu. \u0158\u00edman\u00e9 nep\u0159eb\u00edrali \u0159eck\u00e9 prvky pouze pasivn\u011b \u2014 vyu\u017e\u00edvali je tak\u00e9 k interpretaci vlastn\u00edho postaven\u00ed ve sv\u011bt\u011b. \u0158eck\u00e9 tradice nab\u00edzely rozvinutou mytologii, genealogie a p\u0159\u00edb\u011bhy, kter\u00e9 mohly dodat \u0161ir\u0161\u00ed kulturn\u00ed a historick\u00fd r\u00e1mec \u0159\u00edmsk\u00e9 moci.\n<\/p>\n<p>\nPr\u00e1v\u011b v tomto kontextu vznikaj\u00ed prvn\u00ed v\u00fdrazn\u011bj\u0161\u00ed projevy n\u00e1bo\u017eensk\u00e9ho a mytologick\u00e9ho propojen\u00ed. \u0158\u00edmsk\u00e9 elity za\u010d\u00ednaj\u00ed spojovat vlastn\u00ed tradice s \u0159eck\u00fdmi vzory \u2014 nikoli proto, \u017ee by je nahrazovaly, ale aby je zasadily do \u0161ir\u0161\u00edho st\u0159edomo\u0159sk\u00e9ho sv\u011bta.\n<\/p>\n<p>\nTento proces se odr\u00e1\u017e\u00ed nejen v literatu\u0159e, ale i v archeologick\u00fdch n\u00e1lezech z ji\u017en\u00ed It\u00e1lie a provinci\u00ed, kde se setk\u00e1vaj\u00ed m\u00edstn\u00ed a \u0159eck\u00e9 vlivy. Pozd\u011bj\u0161\u00ed \u0159\u00edmsk\u00e1 tradice pak tyto tendence d\u00e1le rozv\u00edj\u00ed \u2014 nap\u0159\u00edklad v d\u00edle <strong>Vergilia<\/strong>, jeho\u017e <em>Aeneis<\/em> spojuje \u0159\u00edmsk\u00e9 po\u010d\u00e1tky s trojsk\u00fdm m\u00fdtem a vytv\u00e1\u0159\u00ed tak vlastn\u00ed, nov\u011b formulovanou mytologii.\n<\/p>\n<p>\nTohle propojen\u00ed kultur se je\u0161t\u011b v\u00edce prohloubilo s expanz\u00ed \u0159\u00edmsk\u00e9ho st\u00e1tu. Jak se republika a pozd\u011bji \u0159\u00ed\u0161e roz\u0161i\u0159ovala, p\u0159ich\u00e1zela do kontaktu s hel\u00e9nistick\u00fdm sv\u011btem, kde byla \u0159eck\u00e1 kultura dominantn\u00ed. V mnoha p\u0159\u00edpadech tak \u0158\u00edman\u00e9 p\u0159ej\u00edmali \u0159eck\u00e9 n\u00e1zvy, ikonografii i jazyk n\u00e1bo\u017eenstv\u00ed.\n<\/p>\n<p>\nTo v\u0161ak neznamen\u00e1, \u017ee by jejich vlastn\u00ed syst\u00e9m zanikl. Naopak \u2014 \u0159\u00edmsk\u00e9 n\u00e1bo\u017eenstv\u00ed si zachovalo specifick\u00fd zp\u016fsob fungov\u00e1n\u00ed. Zat\u00edmco \u0159eck\u00fd sv\u011bt kladl d\u016fraz na mytologii a p\u0159\u00edb\u011bhy boh\u016f, \u0159\u00edmsk\u00fd p\u0159\u00edstup byl zam\u011b\u0159en p\u0159edev\u0161\u00edm na spr\u00e1vn\u011b proveden\u00fd ritu\u00e1l.\n<\/p>\n<!-- IMAGE: ALTAR -->\n<figure style=\"margin: 32px 0; padding: 14px; background: #f8f5ef; border: 1px solid #d6cbb5; border-radius: 6px;\"><img decoding=\"async\" style=\"width: 100%; border-radius: 4px;\" src=\"https:\/\/legionari.eu\/wp-content\/uploads\/2026\/04\/Tempio_di_Apollo_7.jpg\" alt=\"\u0158\u00edmsk\u00fd votivn\u00ed olt\u00e1\u0159\" \/><figcaption style=\"margin-top: 12px;\"><strong>Obr\u00e1zek.<\/strong> Poz\u016fstatky chr\u00e1mu Apoll\u00f3na v \u0159eck\u00e9 kolonii Cumae. Pr\u00e1v\u011b v prost\u0159ed\u00ed m\u011bst Magna Graecia doch\u00e1zelo k prvn\u00edm intenzivn\u00edm kontakt\u016fm mezi \u0159eck\u00fdm a italsk\u00fdm n\u00e1bo\u017eenstv\u00edm, kter\u00e9 pozd\u011bji ovlivnily i \u0159\u00edmsk\u00fd sv\u011bt.\n<div style=\"font-size: 0.9em; color: #6a6157;\">Zdroj: archeologick\u00fd n\u00e1lez<\/div>\n<\/figcaption><\/figure>\n\u0158\u00edmsk\u00e9 n\u00e1bo\u017eenstv\u00ed nebylo prim\u00e1rn\u011b o vypr\u00e1v\u011bn\u00ed, ale o jedn\u00e1n\u00ed. Vztah k boh\u016fm m\u011bl charakter p\u0159esn\u011b definovan\u00e9ho vztahu, v n\u011bm\u017e bylo kl\u00ed\u010dov\u00e9 dodr\u017een\u00ed spr\u00e1vn\u00e9ho postupu. Ob\u011b\u0165, modlitba nebo slavnost musely prob\u011bhnout p\u0159esn\u011b \u2014 jinak bylo nutn\u00e9 cel\u00fd akt opakovat.\n<p>\nAnti\u010dt\u00ed auto\u0159i, jako Livy nebo Cicero, zd\u016fraz\u0148uj\u00ed v\u00fdznam spr\u00e1vn\u00e9ho proveden\u00ed ritu\u00e1lu jako kl\u00ed\u010dov\u00e9ho prvku vztahu mezi lidmi a bohy. Tento d\u016fraz na p\u0159esnost b\u00fdv\u00e1 n\u011bkdy ozna\u010dov\u00e1n jako \u0159\u00edmsk\u00e1 \u201epov\u011br\u010divost\u201c, ve skute\u010dnosti v\u0161ak \u0161lo o hluboce zako\u0159en\u011bn\u00fd syst\u00e9m n\u00e1bo\u017eensk\u00e9 k\u00e1zn\u011b, v n\u011bm\u017e m\u011bl ka\u017ed\u00fd \u00fakon sv\u00e9 m\u00edsto a v\u00fdznam.\n<\/p>\n<p>\nTento princip se prom\u00edtal i do struktury spole\u010dnosti. N\u00e1bo\u017eenstv\u00ed bylo pevn\u011b propojeno se st\u00e1tem a jeho spr\u00e1vou. Kn\u011b\u017esk\u00e9 funkce zast\u00e1vali \u010dlenov\u00e9 politick\u00e9 elity a ritu\u00e1ly byly sou\u010d\u00e1st\u00ed ve\u0159ejn\u00e9ho \u017eivota. N\u00e1bo\u017eenstv\u00ed tak nebylo odd\u011blenou sf\u00e9rou, ale jedn\u00edm z n\u00e1stroj\u016f, jak udr\u017eovat \u0159\u00e1d \u2014 nejen ve spole\u010dnosti, ale i ve vztahu k bo\u017esk\u00e9mu sv\u011btu.\n<\/p>\n<p>\nStejn\u00fd d\u016fraz na spr\u00e1vn\u00e9 proveden\u00ed ritu\u00e1lu se projevoval i v arm\u00e1d\u011b. Vojensk\u00fd \u017eivot nebyl pouze ot\u00e1zkou discipl\u00edny v boji, ale tak\u00e9 v n\u00e1bo\u017eensk\u00e9 praxi \u2014 od ka\u017edodenn\u00edch ob\u011bt\u00ed p\u0159es zasv\u011bcen\u00ed v\u00fdzbroje a\u017e po slavnostn\u00ed p\u0159\u00edsahy. P\u0159\u00eddomek <em>pia<\/em>, kter\u00fd nesly n\u011bkter\u00e9 jednotky, neozna\u010doval jen mor\u00e1ln\u00ed kvalitu, ale p\u0159edev\u0161\u00edm schopnost vykon\u00e1vat tyto povinnosti spr\u00e1vn\u011b a v\u010das. \u0158\u00edmsk\u00e1 vojensk\u00e1 s\u00edla tak nest\u00e1la jen na organizaci a v\u00fdcviku, ale i na p\u0159esv\u011bd\u010den\u00ed, \u017ee \u0159\u00e1d mus\u00ed b\u00fdt udr\u017eov\u00e1n stejn\u011b d\u016fsledn\u011b v lidsk\u00e9m i bo\u017esk\u00e9m sv\u011bt\u011b.\n<\/p>\n<!-- IMAGE: SACRIFICE -->\n<figure style=\"margin: 32px 0; padding: 14px; background: #f8f5ef; border: 1px solid #d6cbb5; border-radius: 6px;\"><img decoding=\"async\" style=\"width: 100%; border-radius: 4px;\" src=\"https:\/\/legionari.eu\/wp-content\/uploads\/2026\/04\/Suovetaurile_Louvre.jpg\" alt=\"\u0158\u00edmsk\u00fd ob\u011btn\u00ed ritu\u00e1l reli\u00e9f\" \/><figcaption style=\"margin-top: 12px;\"><strong>Obr\u00e1zek 3.<\/strong> Reli\u00e9f zobrazuj\u00edc\u00ed \u0159\u00edmsk\u00fd ob\u011btn\u00ed ritu\u00e1l suovetaurilia (ob\u011b\u0165 prasete, ovce a b\u00fdka). Tento typ ob\u0159adu ilustruje d\u016fraz \u0159\u00edmsk\u00e9ho n\u00e1bo\u017eenstv\u00ed na p\u0159esn\u011b stanoven\u00fd postup a spr\u00e1vn\u00e9 proveden\u00ed ritu\u00e1lu.\n<div style=\"font-size: 0.9em; color: #6a6157;\">Zdroj: Mus\u00e9e du Louvre \/ Wikimedia Commons<\/div>\n<\/figcaption><\/figure>\n<p>\nZd\u00e1nliv\u00e1 zam\u011bnitelnost \u0159\u00edmsk\u00fdch a \u0159eck\u00fdch boh\u016f \u2014 p\u0159edstava, \u017ee Jupiter je jednodu\u0161e Zeus a Minerva Ath\u00e9na \u2014 nen\u00ed d\u016fkazem kop\u00edrov\u00e1n\u00ed, ale v\u00fdsledkem postupn\u00e9ho \u201ep\u0159ekladu\u201c mezi kulturami. Jupiter nen\u00ed \u201e\u0159\u00edmsk\u00fd Zeus\u201c v pln\u00e9m smyslu slova \u2014 je to bo\u017estvo, kter\u00e9 vzniklo v odli\u0161n\u00e9m n\u00e1bo\u017eensk\u00e9m prost\u0159ed\u00ed a teprve pozd\u011bji bylo v ur\u010dit\u00e9m kontextu ztoto\u017en\u011bno s \u0159eck\u00fdm prot\u011bj\u0161kem.\n<\/p>\n<p>\nP\u0159edstava \u201eukraden\u00fdch boh\u016f\u201c vych\u00e1z\u00ed p\u0159edev\u0161\u00edm ze snahy zjednodu\u0161it slo\u017eit\u00fd v\u00fdvoj antick\u00e9ho sv\u011bta. P\u0159ehledn\u00e9 srovn\u00e1n\u00ed boh\u016f usnad\u0148uje orientaci, ale z\u00e1rove\u0148 zakr\u00fdv\u00e1 z\u00e1sadn\u00ed rozd\u00edly v jejich p\u016fvodu, v\u00fdznamu i zp\u016fsobu uct\u00edv\u00e1n\u00ed.\n<\/p>\n<p>\nJakmile tento zjednodu\u0161en\u00fd pohled opust\u00edme, objev\u00ed se \u0159\u00edmsk\u00e9 n\u00e1bo\u017eenstv\u00ed jako syst\u00e9m, kter\u00fd vyr\u016fst\u00e1 z vlastn\u00edch italsk\u00fdch ko\u0159en\u016f, postupn\u011b vst\u0159eb\u00e1v\u00e1 \u0159eck\u00e9 vlivy a p\u0159etv\u00e1\u0159\u00ed je podle vlastn\u00edch pot\u0159eb. \u0158\u00edm tak nebyl pasivn\u00edm p\u0159\u00edjemcem ciz\u00ed kultury, ale aktivn\u00edm prost\u0159ed\u00edm, kter\u00e9 ji dok\u00e1zalo za\u010dlenit do sv\u00e9ho vlastn\u00edho, specifick\u00e9ho r\u00e1mce.\n<\/p>\n<!-- CONTEXTUAL BOX: LARARIUM -->\n<div style=\"margin: 40px 0; border: 1px solid #d6cbb5; background: #f8f5ef; border-radius: 8px; overflow: hidden;\">\n<div style=\"display: flex; flex-wrap: wrap; align-items: stretch;\">\n\n<!-- LEFT -->\n<div style=\"flex: 1 1 320px; min-width: 280px; padding: 22px;\">\n<div style=\"font-size: 0.8em; text-transform: uppercase; letter-spacing: 1px; color: #7a5c3e; font-weight: bold; margin-bottom: 10px;\">Kontext<\/div>\n<h3 style=\"margin: 0 0 12px 0; color: #1f1a17; font-size: 1.35em;\">N\u00e1bo\u017eenstv\u00ed v praxi: vojensk\u00fd lararium<\/h3>\n<p style=\"margin: 0 0 12px 0; line-height: 1.75;\">Praktickou podobu \u0159\u00edmsk\u00e9ho n\u00e1bo\u017eenstv\u00ed lze sledovat i v r\u00e1mci experiment\u00e1ln\u00ed rekonstrukce vojensk\u00e9ho \u017eivota. Sou\u010d\u00e1st\u00ed t\u00e1bora mohl b\u00fdt p\u0159enosn\u00fd lararium \u2014 mal\u00e1 svatyn\u011b, ve kter\u00e9 voj\u00e1ci uct\u00edvali ochrann\u00e1 bo\u017estva a prov\u00e1d\u011bli ka\u017edodenn\u00ed ritu\u00e1ly.<\/p>\n<p style=\"margin: 0 0 12px 0; line-height: 1.75;\">Rekonstrukce t\u011bchto praktik ukazuj\u00ed, \u017ee n\u00e1bo\u017eenstv\u00ed bylo p\u0159\u00edtomn\u00e9 i v b\u011b\u017en\u00e9m vojensk\u00e9m \u017eivot\u011b. Ob\u0159ady spojen\u00e9 se zasv\u011bcen\u00edm v\u00fdzbroje, p\u0159ijet\u00edm nov\u00fdch voj\u00e1k\u016f nebo b\u011b\u017en\u00fdmi \u00fakony nebyly symbolick\u00e9, ale m\u011bly zajistit p\u0159\u00edze\u0148 sil, kter\u00e9 mohly rozhodovat o v\u00fdsledku slu\u017eby i \u017eivota.<\/p>\n<p style=\"margin: 0; line-height: 1.75;\">P\u0159\u00eddomek <em>pia<\/em>, kter\u00fd nesla nap\u0159\u00edklad <strong>Legio X Gemina<\/strong>, neozna\u010doval pouze mor\u00e1ln\u00ed kvalitu, ale tak\u00e9 spr\u00e1vn\u00e9 a v\u010dasn\u00e9 vykon\u00e1v\u00e1n\u00ed n\u00e1bo\u017eensk\u00fdch povinnost\u00ed. Pobo\u017enost nebyla osobn\u00ed volbou \u2014 byla sou\u010d\u00e1st\u00ed vojensk\u00e9 identity.<\/p>\n\n<\/div>\n<!-- RIGHT -->\n<div style=\"flex: 1 1 320px; min-width: 280px; background: #efe7da; padding: 18px; display: flex; align-items: center;\">\n<figure style=\"margin: 0; width: 100%;\"><img decoding=\"async\" style=\"width: 100%; border-radius: 6px;\" src=\"https:\/\/legionari.eu\/wp-content\/uploads\/2026\/04\/leg-x-gem-coh-viii.jpg\" alt=\"Rekonstrukce \u0159\u00edmsk\u00e9ho lararia v t\u00e1bo\u0159e\" \/><figcaption style=\"margin-top: 12px; font-size: 0.95em;\"><strong>Obr\u00e1zek 1.<\/strong> Rekonstrukce p\u0159enosn\u00e9ho lararia pou\u017e\u00edvan\u00e9ho v r\u00e1mci vojensk\u00e9ho t\u00e1bora. N\u00e1bo\u017eenstv\u00ed bylo ned\u00edlnou sou\u010d\u00e1st\u00ed ka\u017edodenn\u00edho \u017eivota voj\u00e1k\u016f.\n<div style=\"font-size: 0.9em; color: #6a6157;\">Zdroj: legionari.eu<\/div>\n<\/figcaption><\/figure>\n<\/div>\n<\/div>\n<\/div>\n<!-- TAKEAWAY -->\n<div style=\"margin: 34px 0; padding: 18px 20px; background: #2d241d; color: #f7f2eb; border-radius: 6px;\">\n<div style=\"font-size: 0.8em; text-transform: uppercase; letter-spacing: 1px; color: #d8c2a2; font-weight: bold; margin-bottom: 8px;\">Shrnut\u00ed<\/div>\n<p style=\"margin: 0;\">\u0158\u00edman\u00e9 nep\u0159evzali \u0159eck\u00e9 bohy \u2014 jejich n\u00e1bo\u017eenstv\u00ed bylo v\u00fdsledkem vlastn\u00edho v\u00fdvoje a kulturn\u00edho prol\u00edn\u00e1n\u00ed.<\/p>\n\n<\/div>\n<!-- BIBLIOTHECA -->\n<div style=\"border: 1px solid #d6cbb5; background-color: #f8f5ef; padding: 20px; margin-top: 40px; border-radius: 6px;\">\n<h2>Bibliotheca<\/h2>\n<h3>Antick\u00e9 prameny<\/h3>\n<ul>\n \t<li>Livy \u2014 <em>Ab Urbe Condita<\/em><\/li>\n \t<li>Cicero \u2014 <em>De Natura Deorum<\/em><\/li>\n \t<li>Varro \u2014 fragmenty o \u0159\u00edmsk\u00e9m n\u00e1bo\u017eenstv\u00ed<\/li>\n<\/ul>\n<h3>Archeologick\u00e9 d\u016fkazy<\/h3>\n<ul>\n \t<li>Lararia z Pompej\u00ed<\/li>\n \t<li>Votivn\u00ed olt\u00e1\u0159e a n\u00e1pisy<\/li>\n \t<li>\u0158\u00edmsk\u00e9 n\u00e1bo\u017eensk\u00e9 reli\u00e9fy<\/li>\n<\/ul>\n<h3>Modern\u00ed literatura<\/h3>\n<ul>\n \t<li>Mary Beard \u2014 <em>SPQR<\/em><\/li>\n \t<li>J\u00f6rg R\u00fcpke \u2014 <em>Religion of the Romans<\/em><\/li>\n \t<li>John Scheid \u2014 <em>An Introduction to Roman Religion<\/em><\/li>\n<\/ul>\n<\/div>\t\t\t\t\t\t\t\t<\/div>\n\t\t\t\t<\/div>\n\t\t\t\t<\/div>\n\t\t\t\t<\/div>","protected":false},"excerpt":{"rendered":"<p>\u0158\u00edm mimo m\u00fdty \u0158\u00edman\u00e9 nezkop\u00edrovali \u0159eck\u00e9 bohy Podobnost jmen skr\u00fdv\u00e1 hlub\u0161\u00ed rozd\u00edly: \u0159\u00edmsk\u00e9 n\u00e1bo\u017eenstv\u00ed nebylo kopi\u00ed, ale vlastn\u00edm syst\u00e9mem vznikl\u00fdm z dlouhodob\u00e9ho<\/p>","protected":false},"author":1,"featured_media":2027,"parent":0,"menu_order":0,"comment_status":"closed","ping_status":"closed","template":"page-templates\/page_front-page.php","meta":{"_seopress_robots_primary_cat":"","_seopress_titles_title":"\u0158\u00edman\u00e9 nezkop\u00edrovali \u0159eck\u00e9 bohy","_seopress_titles_desc":"\u0158\u00edmsk\u00e9 n\u00e1bo\u017eenstv\u00ed nebylo jen kopi\u00ed toho \u0159eck\u00e9ho, ale vlastn\u00edm syst\u00e9mem, kter\u00fd se vyv\u00edjel v kontaktu s okoln\u00edm sv\u011btem a kulturami.","_seopress_robots_index":"","_monsterinsights_skip_tracking":false,"_monsterinsights_sitenote_active":false,"_monsterinsights_sitenote_note":"","_monsterinsights_sitenote_category":0,"footnotes":""},"class_list":["post-1914","page","type-page","status-publish","has-post-thumbnail","hentry"],"_links":{"self":[{"href":"https:\/\/legionari.eu\/en\/wp-json\/wp\/v2\/pages\/1914","targetHints":{"allow":["GET"]}}],"collection":[{"href":"https:\/\/legionari.eu\/en\/wp-json\/wp\/v2\/pages"}],"about":[{"href":"https:\/\/legionari.eu\/en\/wp-json\/wp\/v2\/types\/page"}],"author":[{"embeddable":true,"href":"https:\/\/legionari.eu\/en\/wp-json\/wp\/v2\/users\/1"}],"replies":[{"embeddable":true,"href":"https:\/\/legionari.eu\/en\/wp-json\/wp\/v2\/comments?post=1914"}],"version-history":[{"count":113,"href":"https:\/\/legionari.eu\/en\/wp-json\/wp\/v2\/pages\/1914\/revisions"}],"predecessor-version":[{"id":2084,"href":"https:\/\/legionari.eu\/en\/wp-json\/wp\/v2\/pages\/1914\/revisions\/2084"}],"wp:featuredmedia":[{"embeddable":true,"href":"https:\/\/legionari.eu\/en\/wp-json\/wp\/v2\/media\/2027"}],"wp:attachment":[{"href":"https:\/\/legionari.eu\/en\/wp-json\/wp\/v2\/media?parent=1914"}],"curies":[{"name":"wp","href":"https:\/\/api.w.org\/{rel}","templated":true}]}}