{"id":2030,"date":"2026-04-27T08:50:02","date_gmt":"2026-04-27T08:50:02","guid":{"rendered":"https:\/\/legionari.eu\/?page_id=2030"},"modified":"2026-04-27T15:17:40","modified_gmt":"2026-04-27T15:17:40","slug":"rim-mimo-myty","status":"publish","type":"page","link":"https:\/\/legionari.eu\/en\/rim-mimo-myty\/","title":{"rendered":"\u0158\u00edm mimo m\u00fdty"},"content":{"rendered":"<div data-elementor-type=\"wp-page\" data-elementor-id=\"2030\" class=\"elementor elementor-2030\">\n\t\t\t\t<div class=\"elementor-element elementor-element-c94cd4c e-con-full e-flex wpr-particle-no wpr-jarallax-no wpr-parallax-no wpr-sticky-section-no e-con e-parent\" data-id=\"c94cd4c\" data-element_type=\"container\">\n\t\t\t\t<div class=\"elementor-element elementor-element-610b3d3 elementor-widget elementor-widget-slider_revolution\" data-id=\"610b3d3\" data-element_type=\"widget\" data-widget_type=\"slider_revolution.default\">\n\t\t\t\t<div class=\"elementor-widget-container\">\n\t\t\t\t\t\r\n\t\t<div class=\"wp-block-themepunch-revslider\">\n\t\t\t<!-- START Rim mimo myty archive header REVOLUTION SLIDER 6.6.12 --><p class=\"rs-p-wp-fix\"><\/p>\n\t\t\t<rs-module-wrap id=\"rev_slider_11_1_wrapper\" data-source=\"gallery\" style=\"visibility:hidden;background:transparent;padding:0;margin:0px auto;margin-top:0;margin-bottom:0;\">\n\t\t\t\t<rs-module id=\"rev_slider_11_1\" style=\"\" data-version=\"6.6.12\">\n\t\t\t\t\t<rs-slides style=\"overflow: hidden; position: absolute;\">\n\t\t\t\t\t\t<rs-slide style=\"position: absolute;\" data-key=\"rs-12\" data-title=\"Slide\" data-anim=\"ms:4780;\" data-in=\"o:0;\" data-out=\"a:false;\">\n\t\t\t\t\t\t\t<img fetchpriority=\"high\" decoding=\"async\" src=\"\/\/legionari.eu\/wp-content\/plugins\/revslider\/public\/assets\/assets\/dummy.png\" alt=\"Legio-X-Gemina-Legionary-Wax-tablet-and-stylus\" title=\"Legio-X-Gemina-Legionary-Wax-tablet-and-stylus\" width=\"2048\" height=\"1365\" class=\"rev-slidebg tp-rs-img rs-lazyload\" data-lazyload=\"\/\/legionari.eu\/wp-content\/uploads\/2025\/06\/492304065_1085421250269343_3385721976922410848_n.jpg\" data-panzoom=\"d:10000;ss:100;se:130%;\" data-no-retina>\n<!--\n\t\t\t\t\t\t\t--><rs-layer\n\t\t\t\t\t\t\t\tid=\"slider-11-slide-12-layer-0\" \n\t\t\t\t\t\t\t\tdata-type=\"text\"\n\t\t\t\t\t\t\t\tdata-rsp_ch=\"on\"\n\t\t\t\t\t\t\t\tdata-xy=\"x:c;yo:521px,430px,430px,430px;\"\n\t\t\t\t\t\t\t\tdata-text=\"w:normal;s:110,90,90,90;l:90,74,74,74;a:center;\"\n\t\t\t\t\t\t\t\tdata-frame_999=\"o:0;st:w;\"\n\t\t\t\t\t\t\t\tstyle=\"z-index:8;font-family:'herculaneum';\"\n\t\t\t\t\t\t\t>\u0158\u00edm mimo m\u00fdty \n\t\t\t\t\t\t\t<\/rs-layer><!--\n\n\t\t\t\t\t\t\t--><rs-layer\n\t\t\t\t\t\t\t\tid=\"slider-11-slide-12-layer-2\" \n\t\t\t\t\t\t\t\tdata-type=\"shape\"\n\t\t\t\t\t\t\t\tdata-rsp_ch=\"on\"\n\t\t\t\t\t\t\t\tdata-xy=\"x:c;y:m;\"\n\t\t\t\t\t\t\t\tdata-text=\"w:normal;s:20,16,16,16;l:0,20,20,20;\"\n\t\t\t\t\t\t\t\tdata-dim=\"w:2000px,1651px,1651px,1651px;h:1200px,990px,990px,990px;\"\n\t\t\t\t\t\t\t\tdata-frame_999=\"o:0;st:w;\"\n\t\t\t\t\t\t\t\tstyle=\"z-index:6;background-color:rgba(0,0,0,0.49);\"\n\t\t\t\t\t\t\t> \n\t\t\t\t\t\t\t<\/rs-layer><!--\n\n\t\t\t\t\t\t\t--><rs-layer\n\t\t\t\t\t\t\t\tid=\"slider-11-slide-12-layer-3\" \n\t\t\t\t\t\t\t\tdata-type=\"text\"\n\t\t\t\t\t\t\t\tdata-rsp_ch=\"on\"\n\t\t\t\t\t\t\t\tdata-xy=\"x:c;yo:440px,363px,363px,363px;\"\n\t\t\t\t\t\t\t\tdata-text=\"w:normal;s:60,49,49,49;l:48,39,39,39;a:center;\"\n\t\t\t\t\t\t\t\tdata-dim=\"w:353px,291px,291px,291px;\"\n\t\t\t\t\t\t\t\tdata-frame_999=\"o:0;st:w;\"\n\t\t\t\t\t\t\t\tstyle=\"z-index:8;font-family:'herculaneum';\"\n\t\t\t\t\t\t\t>s\u00e9rie  \n\t\t\t\t\t\t\t<\/rs-layer><!--\n-->\t\t\t\t\t\t<\/rs-slide>\n\t\t\t\t\t<\/rs-slides>\n\t\t\t\t<\/rs-module>\n\t\t\t\t<script>\n\t\t\t\t\tsetREVStartSize({c: 'rev_slider_11_1',rl:[1240,1024,1024,1024],el:[900,768,768,768],gw:[1240,1024,1024,1024],gh:[900,768,768,768],type:'standard',justify:'',layout:'fullwidth',mh:\"0\"});if (window.RS_MODULES!==undefined && window.RS_MODULES.modules!==undefined && window.RS_MODULES.modules[\"revslider111\"]!==undefined) {window.RS_MODULES.modules[\"revslider111\"].once = false;window.revapi11 = undefined;if (window.RS_MODULES.checkMinimal!==undefined) window.RS_MODULES.checkMinimal()}\n\t\t\t\t<\/script>\n\t\t\t<\/rs-module-wrap>\n\t\t\t<!-- END REVOLUTION SLIDER -->\n<\/div>\r\n\r\n\t\t\t\t\t\t<\/div>\n\t\t\t\t<\/div>\n\t\t\t\t<\/div>\n\t\t<div class=\"elementor-element elementor-element-853b447 e-flex e-con-boxed wpr-particle-no wpr-jarallax-no wpr-parallax-no wpr-sticky-section-no e-con e-parent\" data-id=\"853b447\" data-element_type=\"container\">\n\t\t\t\t\t<div class=\"e-con-inner\">\n\t\t\t\t<div class=\"elementor-element elementor-element-db02c62 elementor-widget elementor-widget-spacer\" data-id=\"db02c62\" data-element_type=\"widget\" data-widget_type=\"spacer.default\">\n\t\t\t\t<div class=\"elementor-widget-container\">\n\t\t\t\t\t\t\t<div class=\"elementor-spacer\">\n\t\t\t<div class=\"elementor-spacer-inner\"><\/div>\n\t\t<\/div>\n\t\t\t\t\t\t<\/div>\n\t\t\t\t<\/div>\n\t\t\t\t<div class=\"elementor-element elementor-element-2d42b75 elementor-widget elementor-widget-heading\" data-id=\"2d42b75\" data-element_type=\"widget\" data-widget_type=\"heading.default\">\n\t\t\t\t<div class=\"elementor-widget-container\">\n\t\t\t\t\t<h1 class=\"elementor-heading-title elementor-size-default\">\u0158\u00edm mimo m\u00fdty<\/h1>\t\t\t\t<\/div>\n\t\t\t\t<\/div>\n\t\t\t\t<div class=\"elementor-element elementor-element-873bf83 elementor-widget elementor-widget-text-editor\" data-id=\"873bf83\" data-element_type=\"widget\" data-widget_type=\"text-editor.default\">\n\t\t\t\t<div class=\"elementor-widget-container\">\n\t\t\t\t\t\t\t\t\t<p data-start=\"50\" data-end=\"357\"><strong data-start=\"50\" data-end=\"67\">\u0158\u00edm mimo m\u00fdty<\/strong> je s\u00e9rie \u010dl\u00e1nk\u016f, kter\u00e1 pomoc\u00ed historick\u00fdch pramen\u016f, archeologie a praktick\u00fdch experiment\u016f bour\u00e1 roz\u0161\u00ed\u0159en\u00e9 p\u0159edstavy o starov\u011bk\u00e9m \u0158\u00edm\u011b. Ukazuje, jak \u0158\u00edman\u00e9 skute\u010dn\u011b bojovali, obl\u00e9kali se, stav\u011bli, v\u011b\u0159ili a \u017eili \u2014 \u010dasto jinak, ne\u017e jak je zn\u00e1me z film\u016f, u\u010debnic nebo popul\u00e1rn\u00edch zjednodu\u0161en\u00ed.<\/p>\t\t\t\t\t\t\t\t<\/div>\n\t\t\t\t<\/div>\n\t\t\t\t<div class=\"elementor-element elementor-element-3e4d868 elementor-widget elementor-widget-spacer\" data-id=\"3e4d868\" data-element_type=\"widget\" data-widget_type=\"spacer.default\">\n\t\t\t\t<div class=\"elementor-widget-container\">\n\t\t\t\t\t\t\t<div class=\"elementor-spacer\">\n\t\t\t<div class=\"elementor-spacer-inner\"><\/div>\n\t\t<\/div>\n\t\t\t\t\t\t<\/div>\n\t\t\t\t<\/div>\n\t\t\t\t<div class=\"elementor-element elementor-element-83fa64b elementor-widget elementor-widget-shortcode\" data-id=\"83fa64b\" data-element_type=\"widget\" data-widget_type=\"shortcode.default\">\n\t\t\t\t<div class=\"elementor-widget-container\">\n\t\t\t\t\t\t\t<div class=\"elementor-shortcode\">    <section class=\"gemina-articles\" aria-label=\"Archiv \u010dl\u00e1nk\u016f\">\n              <article class=\"gemina-article-card\">\n          <a class=\"gemina-article-image-link\" href=\"https:\/\/legionari.eu\/en\/rimsti-vojaci-nebojovali-neustale-jako-ve-filmech\/\" aria-label=\"\u0158\u00edm\u0161t\u00ed voj\u00e1ci nebojovali neust\u00e1le jako ve filmech\">\n                          <figure class=\"gemina-article-thumb\">\n                <img decoding=\"async\" width=\"1024\" height=\"576\" src=\"https:\/\/legionari.eu\/wp-content\/uploads\/2026\/04\/Legionari-EU-article-thumb-myth-about-roman-legionaries-1024x576.jpg\" class=\"attachment-large size-large wp-post-image\" alt=\"\" srcset=\"https:\/\/legionari.eu\/wp-content\/uploads\/2026\/04\/Legionari-EU-article-thumb-myth-about-roman-legionaries-1024x576.jpg 1024w, https:\/\/legionari.eu\/wp-content\/uploads\/2026\/04\/Legionari-EU-article-thumb-myth-about-roman-legionaries-300x169.jpg 300w, https:\/\/legionari.eu\/wp-content\/uploads\/2026\/04\/Legionari-EU-article-thumb-myth-about-roman-legionaries-768x432.jpg 768w, https:\/\/legionari.eu\/wp-content\/uploads\/2026\/04\/Legionari-EU-article-thumb-myth-about-roman-legionaries-1536x864.jpg 1536w, https:\/\/legionari.eu\/wp-content\/uploads\/2026\/04\/Legionari-EU-article-thumb-myth-about-roman-legionaries-2048x1152.jpg 2048w, https:\/\/legionari.eu\/wp-content\/uploads\/2026\/04\/Legionari-EU-article-thumb-myth-about-roman-legionaries-18x10.jpg 18w, https:\/\/legionari.eu\/wp-content\/uploads\/2026\/04\/Legionari-EU-article-thumb-myth-about-roman-legionaries-1000x563.jpg 1000w, https:\/\/legionari.eu\/wp-content\/uploads\/2026\/04\/Legionari-EU-article-thumb-myth-about-roman-legionaries-230x129.jpg 230w, https:\/\/legionari.eu\/wp-content\/uploads\/2026\/04\/Legionari-EU-article-thumb-myth-about-roman-legionaries-350x197.jpg 350w, https:\/\/legionari.eu\/wp-content\/uploads\/2026\/04\/Legionari-EU-article-thumb-myth-about-roman-legionaries-480x270.jpg 480w\" sizes=\"(max-width: 1024px) 100vw, 1024px\" \/>              <\/figure>\n                      <\/a>\n\n          <div class=\"gemina-article-body\">\n                          <div class=\"gemina-article-label\">\u0158\u00edm mimo m\u00fdty<\/div>\n            \n            <h2 class=\"gemina-article-title\">\n              <a href=\"https:\/\/legionari.eu\/en\/rimsti-vojaci-nebojovali-neustale-jako-ve-filmech\/\">\u0158\u00edm\u0161t\u00ed voj\u00e1ci nebojovali neust\u00e1le jako ve filmech<\/a>\n            <\/h2>\n\n            <div class=\"gemina-article-excerpt\">\n              <p>\u0158\u00edmsk\u00e1 arm\u00e1da nebyla definov\u00e1na nep\u0159etr\u017eit\u00fdmi bitvami, ale p\u0159edev\u0161\u00edm stavbou, logistikou, spr\u00e1vou a dlouhodobou slu\u017ebou nap\u0159\u00ed\u010d \u0159\u00ed\u0161\u00ed.<\/p>\n            <\/div>\n\n            <a class=\"gemina-article-btn\" href=\"https:\/\/legionari.eu\/en\/rimsti-vojaci-nebojovali-neustale-jako-ve-filmech\/\">\n              \u010c\u00edst v\u00edce\n            <\/a>\n          <\/div>\n        <\/article>\n              <article class=\"gemina-article-card\">\n          <a class=\"gemina-article-image-link\" href=\"https:\/\/legionari.eu\/en\/mytus-cervenych-plastu-a-bileho-mramoru\/\" aria-label=\"M\u00fdtus \u010derven\u00fdch pl\u00e1\u0161\u0165\u016f a b\u00edl\u00e9ho mramoru\">\n                          <figure class=\"gemina-article-thumb\">\n                <img decoding=\"async\" width=\"1024\" height=\"576\" src=\"https:\/\/legionari.eu\/wp-content\/uploads\/2026\/04\/Legionari-EU-article-thumb-myths-about-red-tunics-1024x576.jpg\" class=\"attachment-large size-large wp-post-image\" alt=\"\" srcset=\"https:\/\/legionari.eu\/wp-content\/uploads\/2026\/04\/Legionari-EU-article-thumb-myths-about-red-tunics-1024x576.jpg 1024w, https:\/\/legionari.eu\/wp-content\/uploads\/2026\/04\/Legionari-EU-article-thumb-myths-about-red-tunics-300x169.jpg 300w, https:\/\/legionari.eu\/wp-content\/uploads\/2026\/04\/Legionari-EU-article-thumb-myths-about-red-tunics-768x432.jpg 768w, https:\/\/legionari.eu\/wp-content\/uploads\/2026\/04\/Legionari-EU-article-thumb-myths-about-red-tunics-1536x864.jpg 1536w, https:\/\/legionari.eu\/wp-content\/uploads\/2026\/04\/Legionari-EU-article-thumb-myths-about-red-tunics-2048x1152.jpg 2048w, https:\/\/legionari.eu\/wp-content\/uploads\/2026\/04\/Legionari-EU-article-thumb-myths-about-red-tunics-18x10.jpg 18w, https:\/\/legionari.eu\/wp-content\/uploads\/2026\/04\/Legionari-EU-article-thumb-myths-about-red-tunics-1000x563.jpg 1000w, https:\/\/legionari.eu\/wp-content\/uploads\/2026\/04\/Legionari-EU-article-thumb-myths-about-red-tunics-230x129.jpg 230w, https:\/\/legionari.eu\/wp-content\/uploads\/2026\/04\/Legionari-EU-article-thumb-myths-about-red-tunics-350x197.jpg 350w, https:\/\/legionari.eu\/wp-content\/uploads\/2026\/04\/Legionari-EU-article-thumb-myths-about-red-tunics-480x270.jpg 480w\" sizes=\"(max-width: 1024px) 100vw, 1024px\" \/>              <\/figure>\n                      <\/a>\n\n          <div class=\"gemina-article-body\">\n                          <div class=\"gemina-article-label\">\u0158\u00edm mimo m\u00fdty<\/div>\n            \n            <h2 class=\"gemina-article-title\">\n              <a href=\"https:\/\/legionari.eu\/en\/mytus-cervenych-plastu-a-bileho-mramoru\/\">M\u00fdtus \u010derven\u00fdch pl\u00e1\u0161\u0165\u016f a b\u00edl\u00e9ho mramoru<\/a>\n            <\/h2>\n\n            <div class=\"gemina-article-excerpt\">\n              <p>\u0158\u00edm nebyl sv\u011btem \u010derven\u00fdch pl\u00e1\u0161\u0165\u016f a b\u00edl\u00fdch soch \u2014 byl barevn\u00fd, \u017eiv\u00fd a vizu\u00e1ln\u011b mnohem bohat\u0161\u00ed, ne\u017e si dnes p\u0159edstavujeme.<\/p>\n            <\/div>\n\n            <a class=\"gemina-article-btn\" href=\"https:\/\/legionari.eu\/en\/mytus-cervenych-plastu-a-bileho-mramoru\/\">\n              \u010c\u00edst v\u00edce\n            <\/a>\n          <\/div>\n        <\/article>\n              <article class=\"gemina-article-card\">\n          <a class=\"gemina-article-image-link\" href=\"https:\/\/legionari.eu\/en\/rimane-nezkopirovali-recke-bohy\/\" aria-label=\"\u0158\u00edman\u00e9 nezkop\u00edrovali \u0159eck\u00e9 bohy\">\n                          <figure class=\"gemina-article-thumb\">\n                <img loading=\"lazy\" decoding=\"async\" width=\"1024\" height=\"576\" src=\"https:\/\/legionari.eu\/wp-content\/uploads\/2026\/04\/Legionari-EU-article-thumb-myths-abour-roman-gods-1024x576.jpg\" class=\"attachment-large size-large wp-post-image\" alt=\"\" srcset=\"https:\/\/legionari.eu\/wp-content\/uploads\/2026\/04\/Legionari-EU-article-thumb-myths-abour-roman-gods-1024x576.jpg 1024w, https:\/\/legionari.eu\/wp-content\/uploads\/2026\/04\/Legionari-EU-article-thumb-myths-abour-roman-gods-300x169.jpg 300w, https:\/\/legionari.eu\/wp-content\/uploads\/2026\/04\/Legionari-EU-article-thumb-myths-abour-roman-gods-768x432.jpg 768w, https:\/\/legionari.eu\/wp-content\/uploads\/2026\/04\/Legionari-EU-article-thumb-myths-abour-roman-gods-1536x864.jpg 1536w, https:\/\/legionari.eu\/wp-content\/uploads\/2026\/04\/Legionari-EU-article-thumb-myths-abour-roman-gods-2048x1152.jpg 2048w, https:\/\/legionari.eu\/wp-content\/uploads\/2026\/04\/Legionari-EU-article-thumb-myths-abour-roman-gods-18x10.jpg 18w, https:\/\/legionari.eu\/wp-content\/uploads\/2026\/04\/Legionari-EU-article-thumb-myths-abour-roman-gods-1000x563.jpg 1000w, https:\/\/legionari.eu\/wp-content\/uploads\/2026\/04\/Legionari-EU-article-thumb-myths-abour-roman-gods-230x129.jpg 230w, https:\/\/legionari.eu\/wp-content\/uploads\/2026\/04\/Legionari-EU-article-thumb-myths-abour-roman-gods-350x197.jpg 350w, https:\/\/legionari.eu\/wp-content\/uploads\/2026\/04\/Legionari-EU-article-thumb-myths-abour-roman-gods-480x270.jpg 480w\" sizes=\"(max-width: 1024px) 100vw, 1024px\" \/>              <\/figure>\n                      <\/a>\n\n          <div class=\"gemina-article-body\">\n                          <div class=\"gemina-article-label\">\u0158\u00edm mimo m\u00fdty<\/div>\n            \n            <h2 class=\"gemina-article-title\">\n              <a href=\"https:\/\/legionari.eu\/en\/rimane-nezkopirovali-recke-bohy\/\">\u0158\u00edman\u00e9 nezkop\u00edrovali \u0159eck\u00e9 bohy<\/a>\n            <\/h2>\n\n            <div class=\"gemina-article-excerpt\">\n              <p>\u0158\u00edmsk\u00e9 n\u00e1bo\u017eenstv\u00ed nebylo jen kopi\u00ed toho \u0159eck\u00e9ho, ale vlastn\u00edm syst\u00e9mem, kter\u00fd se vyv\u00edjel v kontaktu s okoln\u00edm sv\u011btem a kulturami.<\/p>\n            <\/div>\n\n            <a class=\"gemina-article-btn\" href=\"https:\/\/legionari.eu\/en\/rimane-nezkopirovali-recke-bohy\/\">\n              \u010c\u00edst v\u00edce\n            <\/a>\n          <\/div>\n        <\/article>\n          <\/section>\n    <\/div>\n\t\t\t\t\t\t<\/div>\n\t\t\t\t<\/div>\n\t\t\t\t<div class=\"elementor-element elementor-element-cef4314 elementor-widget elementor-widget-spacer\" data-id=\"cef4314\" data-element_type=\"widget\" data-widget_type=\"spacer.default\">\n\t\t\t\t<div class=\"elementor-widget-container\">\n\t\t\t\t\t\t\t<div class=\"elementor-spacer\">\n\t\t\t<div class=\"elementor-spacer-inner\"><\/div>\n\t\t<\/div>\n\t\t\t\t\t\t<\/div>\n\t\t\t\t<\/div>\n\t\t\t\t\t<\/div>\n\t\t\t\t<\/div>\n\t\t\t\t<\/div>","protected":false},"excerpt":{"rendered":"<p>\u0158\u00edm mimo m\u00fdty \u0158\u00edm mimo m\u00fdty je s\u00e9rie \u010dl\u00e1nk\u016f, kter\u00e1 pomoc\u00ed historick\u00fdch pramen\u016f, archeologie a praktick\u00fdch experiment\u016f bour\u00e1 roz\u0161\u00ed\u0159en\u00e9 p\u0159edstavy o starov\u011bk\u00e9m<\/p>","protected":false},"author":1,"featured_media":494,"parent":0,"menu_order":0,"comment_status":"closed","ping_status":"closed","template":"page-templates\/page_front-page.php","meta":{"_seopress_robots_primary_cat":"","_seopress_titles_title":"\u0158\u00edm mimo m\u00fdty","_seopress_titles_desc":"S\u00e9rie odhaluje omyly o starov\u011bk\u00fdch \u0158\u00edmanech pomoc\u00ed pramen\u016f, archeologie a experiment\u016f. Ukazuje, jak se \u0159\u00edmsk\u00fd sv\u011bt li\u0161il od filmov\u00fdch a popul\u00e1rn\u00edch p\u0159edstav.","_seopress_robots_index":"","_monsterinsights_skip_tracking":false,"_monsterinsights_sitenote_active":false,"_monsterinsights_sitenote_note":"","_monsterinsights_sitenote_category":0,"footnotes":""},"class_list":["post-2030","page","type-page","status-publish","has-post-thumbnail","hentry"],"_links":{"self":[{"href":"https:\/\/legionari.eu\/en\/wp-json\/wp\/v2\/pages\/2030","targetHints":{"allow":["GET"]}}],"collection":[{"href":"https:\/\/legionari.eu\/en\/wp-json\/wp\/v2\/pages"}],"about":[{"href":"https:\/\/legionari.eu\/en\/wp-json\/wp\/v2\/types\/page"}],"author":[{"embeddable":true,"href":"https:\/\/legionari.eu\/en\/wp-json\/wp\/v2\/users\/1"}],"replies":[{"embeddable":true,"href":"https:\/\/legionari.eu\/en\/wp-json\/wp\/v2\/comments?post=2030"}],"version-history":[{"count":31,"href":"https:\/\/legionari.eu\/en\/wp-json\/wp\/v2\/pages\/2030\/revisions"}],"predecessor-version":[{"id":2066,"href":"https:\/\/legionari.eu\/en\/wp-json\/wp\/v2\/pages\/2030\/revisions\/2066"}],"wp:featuredmedia":[{"embeddable":true,"href":"https:\/\/legionari.eu\/en\/wp-json\/wp\/v2\/media\/494"}],"wp:attachment":[{"href":"https:\/\/legionari.eu\/en\/wp-json\/wp\/v2\/media?parent=2030"}],"curies":[{"name":"wp","href":"https:\/\/api.w.org\/{rel}","templated":true}]}}